{"id":1433,"date":"2024-10-06T14:37:23","date_gmt":"2024-10-06T14:37:23","guid":{"rendered":"https:\/\/salesianosmaux.es\/centrojuvenil\/?page_id=1433"},"modified":"2025-11-07T14:31:05","modified_gmt":"2025-11-07T14:31:05","slug":"inscripcion","status":"publish","type":"page","link":"https:\/\/salesianosmaux.es\/centrojuvenil\/inscripcion\/","title":{"rendered":"Inscripci\u00f3n"},"content":{"rendered":"<p>[et_pb_section fb_built=\u00bb1&#8243; fullwidth=\u00bbon\u00bb _builder_version=\u00bb4.27.2&#8243; _module_preset=\u00bbdefault\u00bb global_colors_info=\u00bb{}\u00bb][et_pb_fullwidth_header title=\u00bbInscripci\u00f3n\u00bb _builder_version=\u00bb4.27.2&#8243; _module_preset=\u00bbdefault\u00bb title_font=\u00bbLato||||||||\u00bb title_text_align=\u00bbright\u00bb title_font_size=\u00bb68px\u00bb background_image=\u00bbhttps:\/\/salesianosmaux.es\/centrojuvenil\/wp-content\/uploads\/sites\/6\/2022\/02\/encabezado_noticias_casa-min.png\u00bb global_colors_info=\u00bb{}\u00bb][\/et_pb_fullwidth_header][\/et_pb_section][et_pb_section fb_built=\u00bb1&#8243; _builder_version=\u00bb4.27.2&#8243; _module_preset=\u00bbdefault\u00bb global_colors_info=\u00bb{}\u00bb][et_pb_row column_structure=\u00bb1_2,1_2&#8243; _builder_version=\u00bb4.27.2&#8243; _module_preset=\u00bbdefault\u00bb global_colors_info=\u00bb{}\u00bb][et_pb_column type=\u00bb1_2&#8243; _builder_version=\u00bb4.27.2&#8243; _module_preset=\u00bbdefault\u00bb global_colors_info=\u00bb{}\u00bb][et_pb_text _builder_version=\u00bb4.27.2&#8243; _module_preset=\u00bbdefault\u00bb global_colors_info=\u00bb{}\u00bb]<\/p>\n<h2>Socios<\/h2>\n<ul style=\"font-weight: 400;\"><\/ul>\n<p style=\"font-weight: 400;\">Todos aquellos socios que ya tuvieran la contrase\u00f1a del curso pasado, no deben hacer de nuevo el formulario, sino ir directamente a su \u00c1rea Privada de <a href=\"https:\/\/www.confedonbosco.org\/areaprivada\/\" target=\"_blank\" rel=\"noopener\" title=\"Bosconecta\">Bosconecta<\/a><\/p>\n<p>[\/et_pb_text][et_pb_text _builder_version=\u00bb4.27.2&#8243; _module_preset=\u00bbdefault\u00bb global_colors_info=\u00bb{}\u00bb]<\/p>\n<h2>PROTECCI\u00d3N DE DATOS:<\/h2>\n<p>[\/et_pb_text][et_pb_button button_url=\u00bbhttps:\/\/salesianosmaux.es\/centrojuvenil\/wp-content\/uploads\/sites\/6\/2024\/10\/PROTECCION-Y-CESION-DE-DATOS-CJMAUX.pdf\u00bb url_new_window=\u00bbon\u00bb button_text=\u00bbProtecci\u00f3n y cesi\u00f3n de datos CJMAUX\u00bb button_alignment=\u00bbcenter\u00bb _builder_version=\u00bb4.27.2&#8243; _module_preset=\u00bbdefault\u00bb custom_button=\u00bbon\u00bb button_text_color=\u00bb#FFFFFF\u00bb button_bg_color=\u00bb#E02B20&#8243; button_border_width=\u00bb0px\u00bb button_border_radius=\u00bb16px\u00bb button_font=\u00bbLato||||||||\u00bb button_icon=\u00bb&#xf1c1;||fa||400&#8243; button_icon_placement=\u00bbleft\u00bb button_on_hover=\u00bboff\u00bb global_colors_info=\u00bb{}\u00bb][\/et_pb_button][\/et_pb_column][et_pb_column type=\u00bb1_2&#8243; _builder_version=\u00bb4.27.2&#8243; _module_preset=\u00bbdefault\u00bb global_colors_info=\u00bb{}\u00bb][et_pb_text _builder_version=\u00bb4.27.2&#8243; _module_preset=\u00bbdefault\u00bb custom_margin=\u00bb||-25px||false|false\u00bb global_colors_info=\u00bb{}\u00bb]<\/p>\n<h2>Nuevos socios<\/h2>\n<ol>\n<li style=\"text-align: justify;\">SI YA ENTREGASTE en cursos pasados la autorizaci\u00f3n y protecci\u00f3n de datos, no debes volver a realizar el formulario, entra en tu \u00e1rea privada de <a href=\"https:\/\/www.confedonbosco.org\/areaprivada\/\" target=\"_blank\" rel=\"noopener\" title=\"Bosconecta\">Bosconecta<\/a> con tus contrase\u00f1as.<\/li>\n<li style=\"text-align: justify;\">Si NO has entregado en cursos pasados la ficha de autorizaci\u00f3n y protecci\u00f3n de datos (adjuntada debajo), deber\u00e1s rellenarla y entregarla en el Centro Juvenil impresa de manera presencial en horario de actividades y realizar el siguiente <a href=\"https:\/\/confedonbosco.org\/formularios\/CJ_MAUX_SALAMANCA\/25-26\/form2526_maux.html\">formulario<\/a>. <strong><\/strong><\/li>\n<li style=\"text-align: justify;\">Espera a que te <strong>validemos<\/strong> (recibir\u00e1s un email con\u00a0<strong><em>usuario\u00a0<\/em>y\u00a0<em>contrase\u00f1a<\/em><\/strong>) y entra al \u00e1rea privada de <a href=\"https:\/\/www.confedonbosco.org\/areaprivada\/\" target=\"_blank\" rel=\"noopener\" title=\"Bosconecta\">Bosconecta<\/a> para iniciar sesi\u00f3n, (podr\u00e1 cambiar dentro de la aplicaci\u00f3n la contrase\u00f1a).<\/li>\n<\/ol>\n<ol start=\"2\" style=\"text-align: justify;\"><\/ol>\n<ol style=\"font-weight: 400;\"><\/ol>\n<ul style=\"font-weight: 400;\"><\/ul>\n<p>[\/et_pb_text][et_pb_button button_url=\u00bbhttps:\/\/confedonbosco.org\/formularios\/CJ_MAUX_SALAMANCA\/25-26\/form2526_maux.html\u00bb url_new_window=\u00bbon\u00bb button_text=\u00bbFormulario de Inscripci\u00f3n\u00bb button_alignment=\u00bbcenter\u00bb _builder_version=\u00bb4.27.4&#8243; _module_preset=\u00bbdefault\u00bb custom_button=\u00bbon\u00bb button_text_color=\u00bb#FFFFFF\u00bb button_bg_color=\u00bb#E02B20&#8243; button_border_width=\u00bb0px\u00bb button_border_radius=\u00bb16px\u00bb button_font=\u00bbLato||||||||\u00bb button_icon=\u00bb&#xf298;||fa||400&#8243; button_icon_placement=\u00bbleft\u00bb button_on_hover=\u00bboff\u00bb global_colors_info=\u00bb{}\u00bb][\/et_pb_button][\/et_pb_column][\/et_pb_row][et_pb_row column_structure=\u00bb1_2,1_2&#8243; _builder_version=\u00bb4.27.2&#8243; _module_preset=\u00bbdefault\u00bb global_colors_info=\u00bb{}\u00bb][et_pb_column type=\u00bb1_2&#8243; _builder_version=\u00bb4.27.2&#8243; _module_preset=\u00bbdefault\u00bb global_colors_info=\u00bb{}\u00bb][et_pb_text _builder_version=\u00bb4.27.2&#8243; _module_preset=\u00bbdefault\u00bb global_colors_info=\u00bb{}\u00bb]<\/p>\n<h1 style=\"font-weight: 400;\"><strong>ATENCI\u00d3N: <\/strong><\/h1>\n<p style=\"font-weight: 400; text-align: justify;\">Si eres tutor\/a legal de varios chico\/as del Centro Juvenil, inscr\u00edbelos con el mismo tutor, le llegar\u00e1 dos correos con dos contrase\u00f1as, donde valdr\u00e1n cualquiera para entrar en <a href=\"https:\/\/www.confedonbosco.org\/areaprivada\/\" target=\"_blank\" rel=\"noopener\" title=\"Bosconecta\">Bosconecta<\/a>, la aplicaci\u00f3n detectar\u00e1 un mismo DNI del tutor, y en el \u00e1rea privada le aparecer\u00e1 ambos hijo\/as.<\/p>\n<p>[\/et_pb_text][\/et_pb_column][et_pb_column type=\u00bb1_2&#8243; _builder_version=\u00bb4.27.2&#8243; _module_preset=\u00bbdefault\u00bb global_colors_info=\u00bb{}\u00bb][et_pb_text _builder_version=\u00bb4.27.2&#8243; _module_preset=\u00bbdefault\u00bb global_colors_info=\u00bb{}\u00bb]<\/p>\n<h1><strong><span style=\"font-weight: 400;\">Pago de <\/span>cuota<span style=\"font-weight: 400;\"> anual: <\/span><\/strong><\/h1>\n<p style=\"font-weight: 400; text-align: justify;\">A trav\u00e9s de TPV (tarjeta bancaria) a trav\u00e9s de Bosconecta.<\/p>\n<p>[\/et_pb_text][et_pb_text disabled_on=\u00bbon|on|on\u00bb _builder_version=\u00bb4.27.2&#8243; _module_preset=\u00bbdefault\u00bb custom_margin=\u00bb||||false|false\u00bb custom_padding=\u00bb25px||||false|false\u00bb disabled=\u00bbon\u00bb global_colors_info=\u00bb{}\u00bb]<\/p>\n<h2 style=\"font-weight: 400;\"><strong>Si pag\u00e1is por transferencia, estos son los datos:<\/strong><\/h2>\n<p style=\"font-weight: 400;\">Cuota: <strong>45 euros.<\/strong><\/p>\n<ul>\n<li><strong><em>IBAN:\u00a0 <\/em><\/strong>ES76 0049 5292 1129 1612 3552<\/li>\n<li><strong><em>Titular: <\/em><\/strong><em>Centro Juvenil Mar\u00eda Auxiliadora<\/em><\/li>\n<li><strong><em>Concepto:\u00a0<\/em><\/strong>Nombre del chico\/a + Chiquicentro\/Grupo Amigos\/Seccio\u0301n Juvenil<\/li>\n<\/ul>\n<p style=\"font-weight: 400;\"><i>Una vez realizada, enviadnos el justificante <strong>a<\/strong><b>l correo correspondiente de cada secci\u00f3n perteneciente, o adjuntarlo en pagos dentro de Bosconecta.<\/b><\/i><\/p>\n<p>[\/et_pb_text][\/et_pb_column][\/et_pb_row][et_pb_row _builder_version=\u00bb4.27.2&#8243; _module_preset=\u00bbdefault\u00bb global_colors_info=\u00bb{}\u00bb][et_pb_column type=\u00bb4_4&#8243; _builder_version=\u00bb4.27.2&#8243; _module_preset=\u00bbdefault\u00bb global_colors_info=\u00bb{}\u00bb][et_pb_video src=\u00bbhttps:\/\/youtu.be\/Lg8o16uYT9s\u00bb _builder_version=\u00bb4.27.4&#8243; _module_preset=\u00bbdefault\u00bb hover_enabled=\u00bb0&#8243; global_colors_info=\u00bb{}\u00bb sticky_enabled=\u00bb0&#8243;][\/et_pb_video][\/et_pb_column][\/et_pb_row][\/et_pb_section]<\/p>\n","protected":false},"excerpt":{"rendered":"<p>Socios Todos aquellos socios que ya tuvieran la contrase\u00f1a del curso pasado, no deben hacer de nuevo el formulario, sino ir directamente a su \u00c1rea Privada de BosconectaPROTECCI\u00d3N DE DATOS:Nuevos socios SI YA ENTREGASTE en cursos pasados la autorizaci\u00f3n y protecci\u00f3n de datos, no debes volver a realizar el formulario, entra en tu \u00e1rea privada [&hellip;]<\/p>\n","protected":false},"author":1,"featured_media":72,"parent":0,"menu_order":0,"comment_status":"closed","ping_status":"closed","template":"","meta":{"_et_pb_use_builder":"on","_et_pb_old_content":"","_et_gb_content_width":"","footnotes":""},"class_list":["post-1433","page","type-page","status-publish","has-post-thumbnail","hentry"],"yoast_head":"<!-- This site is optimized with the Yoast SEO plugin v27.4 - https:\/\/yoast.com\/product\/yoast-seo-wordpress\/ -->\n<title>Inscripci\u00f3n - Centro Juvenil Mar\u00eda Auxiliadora<\/title>\n<meta name=\"robots\" content=\"index, follow, max-snippet:-1, max-image-preview:large, max-video-preview:-1\" \/>\n<link rel=\"canonical\" href=\"https:\/\/salesianosmaux.es\/centrojuvenil\/inscripcion\/\" \/>\n<meta property=\"og:locale\" content=\"es_ES\" \/>\n<meta property=\"og:type\" content=\"article\" \/>\n<meta property=\"og:title\" content=\"Inscripci\u00f3n - Centro Juvenil Mar\u00eda Auxiliadora\" \/>\n<meta property=\"og:description\" content=\"Te puede interesar...\" \/>\n<meta property=\"og:url\" content=\"https:\/\/salesianosmaux.es\/centrojuvenil\/inscripcion\/\" \/>\n<meta property=\"og:site_name\" content=\"Centro Juvenil Mar\u00eda Auxiliadora\" \/>\n<meta property=\"article:modified_time\" content=\"2025-11-07T14:31:05+00:00\" \/>\n<meta property=\"og:image\" content=\"https:\/\/salesianosmaux.es\/centrojuvenil\/wp-content\/uploads\/sites\/6\/2022\/02\/encabezado_noticias_casa-min-1.png\" \/>\n\t<meta property=\"og:image:width\" content=\"3000\" \/>\n\t<meta property=\"og:image:height\" content=\"586\" \/>\n\t<meta property=\"og:image:type\" content=\"image\/png\" \/>\n<meta name=\"twitter:card\" content=\"summary_large_image\" \/>\n<script type=\"application\/ld+json\" class=\"yoast-schema-graph\">{\"@context\":\"https:\\\/\\\/schema.org\",\"@graph\":[{\"@type\":\"WebPage\",\"@id\":\"https:\\\/\\\/salesianosmaux.es\\\/centrojuvenil\\\/inscripcion\\\/\",\"url\":\"https:\\\/\\\/salesianosmaux.es\\\/centrojuvenil\\\/inscripcion\\\/\",\"name\":\"Inscripci\u00f3n - Centro Juvenil Mar\u00eda Auxiliadora\",\"isPartOf\":{\"@id\":\"https:\\\/\\\/salesianosmaux.es\\\/centrojuvenil\\\/#website\"},\"primaryImageOfPage\":{\"@id\":\"https:\\\/\\\/salesianosmaux.es\\\/centrojuvenil\\\/inscripcion\\\/#primaryimage\"},\"image\":{\"@id\":\"https:\\\/\\\/salesianosmaux.es\\\/centrojuvenil\\\/inscripcion\\\/#primaryimage\"},\"thumbnailUrl\":\"https:\\\/\\\/salesianosmaux.es\\\/centrojuvenil\\\/wp-content\\\/uploads\\\/sites\\\/6\\\/2022\\\/02\\\/encabezado_noticias_casa-min-1.png\",\"datePublished\":\"2024-10-06T14:37:23+00:00\",\"dateModified\":\"2025-11-07T14:31:05+00:00\",\"breadcrumb\":{\"@id\":\"https:\\\/\\\/salesianosmaux.es\\\/centrojuvenil\\\/inscripcion\\\/#breadcrumb\"},\"inLanguage\":\"es\",\"potentialAction\":[{\"@type\":\"ReadAction\",\"target\":[\"https:\\\/\\\/salesianosmaux.es\\\/centrojuvenil\\\/inscripcion\\\/\"]}]},{\"@type\":\"ImageObject\",\"inLanguage\":\"es\",\"@id\":\"https:\\\/\\\/salesianosmaux.es\\\/centrojuvenil\\\/inscripcion\\\/#primaryimage\",\"url\":\"https:\\\/\\\/salesianosmaux.es\\\/centrojuvenil\\\/wp-content\\\/uploads\\\/sites\\\/6\\\/2022\\\/02\\\/encabezado_noticias_casa-min-1.png\",\"contentUrl\":\"https:\\\/\\\/salesianosmaux.es\\\/centrojuvenil\\\/wp-content\\\/uploads\\\/sites\\\/6\\\/2022\\\/02\\\/encabezado_noticias_casa-min-1.png\",\"width\":3000,\"height\":586},{\"@type\":\"BreadcrumbList\",\"@id\":\"https:\\\/\\\/salesianosmaux.es\\\/centrojuvenil\\\/inscripcion\\\/#breadcrumb\",\"itemListElement\":[{\"@type\":\"ListItem\",\"position\":1,\"name\":\"Portada\",\"item\":\"https:\\\/\\\/salesianosmaux.es\\\/centrojuvenil\\\/\"},{\"@type\":\"ListItem\",\"position\":2,\"name\":\"Inscripci\u00f3n\"}]},{\"@type\":\"WebSite\",\"@id\":\"https:\\\/\\\/salesianosmaux.es\\\/centrojuvenil\\\/#website\",\"url\":\"https:\\\/\\\/salesianosmaux.es\\\/centrojuvenil\\\/\",\"name\":\"Centro Juvenil Mar\u00eda Auxiliadora\",\"description\":\"\",\"potentialAction\":[{\"@type\":\"SearchAction\",\"target\":{\"@type\":\"EntryPoint\",\"urlTemplate\":\"https:\\\/\\\/salesianosmaux.es\\\/centrojuvenil\\\/?s={search_term_string}\"},\"query-input\":{\"@type\":\"PropertyValueSpecification\",\"valueRequired\":true,\"valueName\":\"search_term_string\"}}],\"inLanguage\":\"es\"}]}<\/script>\n<!-- \/ Yoast SEO plugin. -->","yoast_head_json":{"title":"Inscripci\u00f3n - Centro Juvenil Mar\u00eda Auxiliadora","robots":{"index":"index","follow":"follow","max-snippet":"max-snippet:-1","max-image-preview":"max-image-preview:large","max-video-preview":"max-video-preview:-1"},"canonical":"https:\/\/salesianosmaux.es\/centrojuvenil\/inscripcion\/","og_locale":"es_ES","og_type":"article","og_title":"Inscripci\u00f3n - Centro Juvenil Mar\u00eda Auxiliadora","og_description":"Te puede interesar...","og_url":"https:\/\/salesianosmaux.es\/centrojuvenil\/inscripcion\/","og_site_name":"Centro Juvenil Mar\u00eda Auxiliadora","article_modified_time":"2025-11-07T14:31:05+00:00","og_image":[{"width":3000,"height":586,"url":"https:\/\/salesianosmaux.es\/centrojuvenil\/wp-content\/uploads\/sites\/6\/2022\/02\/encabezado_noticias_casa-min-1.png","type":"image\/png"}],"twitter_card":"summary_large_image","schema":{"@context":"https:\/\/schema.org","@graph":[{"@type":"WebPage","@id":"https:\/\/salesianosmaux.es\/centrojuvenil\/inscripcion\/","url":"https:\/\/salesianosmaux.es\/centrojuvenil\/inscripcion\/","name":"Inscripci\u00f3n - Centro Juvenil Mar\u00eda Auxiliadora","isPartOf":{"@id":"https:\/\/salesianosmaux.es\/centrojuvenil\/#website"},"primaryImageOfPage":{"@id":"https:\/\/salesianosmaux.es\/centrojuvenil\/inscripcion\/#primaryimage"},"image":{"@id":"https:\/\/salesianosmaux.es\/centrojuvenil\/inscripcion\/#primaryimage"},"thumbnailUrl":"https:\/\/salesianosmaux.es\/centrojuvenil\/wp-content\/uploads\/sites\/6\/2022\/02\/encabezado_noticias_casa-min-1.png","datePublished":"2024-10-06T14:37:23+00:00","dateModified":"2025-11-07T14:31:05+00:00","breadcrumb":{"@id":"https:\/\/salesianosmaux.es\/centrojuvenil\/inscripcion\/#breadcrumb"},"inLanguage":"es","potentialAction":[{"@type":"ReadAction","target":["https:\/\/salesianosmaux.es\/centrojuvenil\/inscripcion\/"]}]},{"@type":"ImageObject","inLanguage":"es","@id":"https:\/\/salesianosmaux.es\/centrojuvenil\/inscripcion\/#primaryimage","url":"https:\/\/salesianosmaux.es\/centrojuvenil\/wp-content\/uploads\/sites\/6\/2022\/02\/encabezado_noticias_casa-min-1.png","contentUrl":"https:\/\/salesianosmaux.es\/centrojuvenil\/wp-content\/uploads\/sites\/6\/2022\/02\/encabezado_noticias_casa-min-1.png","width":3000,"height":586},{"@type":"BreadcrumbList","@id":"https:\/\/salesianosmaux.es\/centrojuvenil\/inscripcion\/#breadcrumb","itemListElement":[{"@type":"ListItem","position":1,"name":"Portada","item":"https:\/\/salesianosmaux.es\/centrojuvenil\/"},{"@type":"ListItem","position":2,"name":"Inscripci\u00f3n"}]},{"@type":"WebSite","@id":"https:\/\/salesianosmaux.es\/centrojuvenil\/#website","url":"https:\/\/salesianosmaux.es\/centrojuvenil\/","name":"Centro Juvenil Mar\u00eda Auxiliadora","description":"","potentialAction":[{"@type":"SearchAction","target":{"@type":"EntryPoint","urlTemplate":"https:\/\/salesianosmaux.es\/centrojuvenil\/?s={search_term_string}"},"query-input":{"@type":"PropertyValueSpecification","valueRequired":true,"valueName":"search_term_string"}}],"inLanguage":"es"}]}},"_links":{"self":[{"href":"https:\/\/salesianosmaux.es\/centrojuvenil\/wp-json\/wp\/v2\/pages\/1433","targetHints":{"allow":["GET"]}}],"collection":[{"href":"https:\/\/salesianosmaux.es\/centrojuvenil\/wp-json\/wp\/v2\/pages"}],"about":[{"href":"https:\/\/salesianosmaux.es\/centrojuvenil\/wp-json\/wp\/v2\/types\/page"}],"author":[{"embeddable":true,"href":"https:\/\/salesianosmaux.es\/centrojuvenil\/wp-json\/wp\/v2\/users\/1"}],"replies":[{"embeddable":true,"href":"https:\/\/salesianosmaux.es\/centrojuvenil\/wp-json\/wp\/v2\/comments?post=1433"}],"version-history":[{"count":11,"href":"https:\/\/salesianosmaux.es\/centrojuvenil\/wp-json\/wp\/v2\/pages\/1433\/revisions"}],"predecessor-version":[{"id":1891,"href":"https:\/\/salesianosmaux.es\/centrojuvenil\/wp-json\/wp\/v2\/pages\/1433\/revisions\/1891"}],"wp:featuredmedia":[{"embeddable":true,"href":"https:\/\/salesianosmaux.es\/centrojuvenil\/wp-json\/wp\/v2\/media\/72"}],"wp:attachment":[{"href":"https:\/\/salesianosmaux.es\/centrojuvenil\/wp-json\/wp\/v2\/media?parent=1433"}],"curies":[{"name":"wp","href":"https:\/\/api.w.org\/{rel}","templated":true}]}}