{"id":2009,"date":"2026-04-20T11:38:29","date_gmt":"2026-04-20T11:38:29","guid":{"rendered":"https:\/\/salesianosmaux.es\/centrojuvenil\/?page_id=2009"},"modified":"2026-04-20T11:38:29","modified_gmt":"2026-04-20T11:38:29","slug":"canal-de-denuncias","status":"publish","type":"page","link":"https:\/\/salesianosmaux.es\/centrojuvenil\/canal-de-denuncias\/","title":{"rendered":"Canal de denuncias"},"content":{"rendered":"<p>[et_pb_section fb_built=\u00bb1&#8243; theme_builder_area=\u00bbpost_content\u00bb _builder_version=\u00bb4.27.5&#8243; _module_preset=\u00bbdefault\u00bb][et_pb_row _builder_version=\u00bb4.27.5&#8243; _module_preset=\u00bbdefault\u00bb theme_builder_area=\u00bbpost_content\u00bb][et_pb_column _builder_version=\u00bb4.27.5&#8243; _module_preset=\u00bbdefault\u00bb type=\u00bb4_4&#8243; theme_builder_area=\u00bbpost_content\u00bb][et_pb_text _builder_version=\u00bb4.27.5&#8243; _module_preset=\u00bbdefault\u00bb theme_builder_area=\u00bbpost_content\u00bb hover_enabled=\u00bb0&#8243; sticky_enabled=\u00bb0&#8243;]<\/p>\n<h1>Canal de denuncias<\/h1>\n<p>[\/et_pb_text][et_pb_text _builder_version=\u00bb4.27.5&#8243; _module_preset=\u00bbdefault\u00bb theme_builder_area=\u00bbpost_content\u00bb hover_enabled=\u00bb0&#8243; sticky_enabled=\u00bb0&#8243;]<\/p>\n<p class=\"p1\"><i>El canal de denuncias o \u201csistema interno de informaci\u00f3n\u201d es un elemento clave para <\/i><i>promover una cultura \u00e9tica, de transparencia y libre de conductas de corrupci\u00f3n, <\/i><i>fraude o incumplimientos administrativos o penales atendiendo a lo dispuesto en <\/i><i>la Ley 2\/2023, de 20 de febrero y a lo determinado por el art. 31 bis del C\u00f3digo <\/i><i>Penal en materia de Compliance.<\/i><\/p>\n<p class=\"p1\">En este sentido, <b>la Inspector\u00eda Salesiana Santiago el Mayor, responsable del ambiente <\/b><b>pastoral de Centros Juveniles (que agrupa a las Federaciones de Centros Juveniles, las <\/b><b>Escuelas de Tiempo Libre y los Centros Juveniles), ha establecido la direcci\u00f3n web <\/b><a href=\"https:\/\/www.salesianos.es\/canaldedenuncias\/\" target=\"_blank\" rel=\"noopener\"><b>https:\/\/www.salesianos.es\/canaldedenuncias\/<\/b><\/a><span class=\"s1\"><b> <\/b>para acceder al canal de denuncias y <\/span>comunicar incidencias e irregularidades en relaci\u00f3n con el cumplimiento normativo, adem\u00e1s de informar sobre posibles actuaciones irregulares o il\u00edcitas que pueden generar responsabilidad penal para la Inspector\u00eda o cualquiera de sus ambientes o \u00e1mbitos.<\/p>\n<p class=\"p1\"><b>El canal de denuncias proporciona un medio confidencial y seguro para que cualquier <\/b><b>persona que se relacione con nosotros pueda denunciar aquellas actividades ilegales o <\/b><b>sospechosas sin temor a represalias<\/b>.<\/p>\n<p class=\"p1\">A los efectos que aqu\u00ed nos interesan, el canal no se podr\u00e1 utilizar para realizar denuncias con las siguientes caracter\u00edsticas:<\/p>\n<ul>\n<li class=\"p1\">Denuncias falsas.<\/li>\n<li class=\"p1\">Denuncias que muestren mala fe de forma manifiesta (ej. Denuncia que se presenta varias veces con diferente relato de hechos).<\/li>\n<li class=\"p1\"><span class=\"s5\">\u00a0<\/span><span class=\"s6\">Denuncias no fundadas o sin indicios concretos o determinados (ej. \u2018Me <\/span>parece sospechosa la actuaci\u00f3n de X, me hace dudar de su actuaci\u00f3n conforme a la ley\u2019).<\/li>\n<li class=\"p1\">Denuncias generales que no incluyan el conjunto de datos m\u00ednimos para valorar las denuncias: conductas realizadas, fecha\/s en las que tuvieron lugar los hechos y tipolog\u00eda de normativa incumplida (ej. \u2018Un compa\u00f1ero lleva a cabo malas pr\u00e1cticas de comercializaci\u00f3n).<\/li>\n<li class=\"p1\">Denuncias sobre hechos no denunciables por no suponer ning\u00fan il\u00edcito incumplimiento \u00e9tico (ej. Falta de higiene de un compa\u00f1ero).<\/li>\n<li class=\"p1\">Denuncias relativas a hechos que se encuentren en sede judicial.<\/li>\n<\/ul>\n<p class=\"p1\">La gesti\u00f3n del canal de denuncias est\u00e1 confiada al despacho de abogados de Fanjul &amp; Tejado junto con el \u00d3rgano de Cumplimiento Normativo de la Inspector\u00eda Salesiana Santiago el Mayor, garantizando en todo momento los requisitos establecidos en la Ley 2\/2023, de 20 de febrero.<\/p>\n<p class=\"p1\">Adicionalmente, el canal cumple con el RGPD y la Ley Org\u00e1nica 3\/2018, de 5 de diciembre, de Protecci\u00f3n de Datos Personales y garant\u00eda de los derechos digitales conserv\u00e1ndose los datos personales durante el plazo estrictamente necesario y nunca durante un plazo superior del legalmente establecido.<\/p>\n<p>[\/et_pb_text][\/et_pb_column][\/et_pb_row][\/et_pb_section]<\/p>\n","protected":false},"excerpt":{"rendered":"<p>Canal de denunciasEl canal de denuncias o \u201csistema interno de informaci\u00f3n\u201d es un elemento clave para promover una cultura \u00e9tica, de transparencia y libre de conductas de corrupci\u00f3n, fraude o incumplimientos administrativos o penales atendiendo a lo dispuesto en la Ley 2\/2023, de 20 de febrero y a lo determinado por el art. 31 bis [&hellip;]<\/p>\n","protected":false},"author":1,"featured_media":0,"parent":0,"menu_order":0,"comment_status":"closed","ping_status":"closed","template":"","meta":{"_et_pb_use_builder":"on","_et_pb_old_content":"","_et_gb_content_width":"","footnotes":""},"class_list":["post-2009","page","type-page","status-publish","hentry"],"yoast_head":"<!-- This site is optimized with the Yoast SEO plugin v27.4 - https:\/\/yoast.com\/product\/yoast-seo-wordpress\/ -->\n<title>Canal de denuncias - Centro Juvenil Mar\u00eda Auxiliadora<\/title>\n<meta name=\"robots\" content=\"index, follow, max-snippet:-1, max-image-preview:large, max-video-preview:-1\" \/>\n<link rel=\"canonical\" href=\"https:\/\/salesianosmaux.es\/centrojuvenil\/canal-de-denuncias\/\" \/>\n<meta property=\"og:locale\" content=\"es_ES\" \/>\n<meta property=\"og:type\" content=\"article\" \/>\n<meta property=\"og:title\" content=\"Canal de denuncias - Centro Juvenil Mar\u00eda Auxiliadora\" \/>\n<meta property=\"og:description\" content=\"Te puede interesar...\" \/>\n<meta property=\"og:url\" content=\"https:\/\/salesianosmaux.es\/centrojuvenil\/canal-de-denuncias\/\" \/>\n<meta property=\"og:site_name\" content=\"Centro Juvenil Mar\u00eda Auxiliadora\" \/>\n<meta name=\"twitter:card\" content=\"summary_large_image\" \/>\n<script type=\"application\/ld+json\" class=\"yoast-schema-graph\">{\"@context\":\"https:\\\/\\\/schema.org\",\"@graph\":[{\"@type\":\"WebPage\",\"@id\":\"https:\\\/\\\/salesianosmaux.es\\\/centrojuvenil\\\/canal-de-denuncias\\\/\",\"url\":\"https:\\\/\\\/salesianosmaux.es\\\/centrojuvenil\\\/canal-de-denuncias\\\/\",\"name\":\"Canal de denuncias - Centro Juvenil Mar\u00eda Auxiliadora\",\"isPartOf\":{\"@id\":\"https:\\\/\\\/salesianosmaux.es\\\/centrojuvenil\\\/#website\"},\"datePublished\":\"2026-04-20T11:38:29+00:00\",\"breadcrumb\":{\"@id\":\"https:\\\/\\\/salesianosmaux.es\\\/centrojuvenil\\\/canal-de-denuncias\\\/#breadcrumb\"},\"inLanguage\":\"es\",\"potentialAction\":[{\"@type\":\"ReadAction\",\"target\":[\"https:\\\/\\\/salesianosmaux.es\\\/centrojuvenil\\\/canal-de-denuncias\\\/\"]}]},{\"@type\":\"BreadcrumbList\",\"@id\":\"https:\\\/\\\/salesianosmaux.es\\\/centrojuvenil\\\/canal-de-denuncias\\\/#breadcrumb\",\"itemListElement\":[{\"@type\":\"ListItem\",\"position\":1,\"name\":\"Portada\",\"item\":\"https:\\\/\\\/salesianosmaux.es\\\/centrojuvenil\\\/\"},{\"@type\":\"ListItem\",\"position\":2,\"name\":\"Canal de denuncias\"}]},{\"@type\":\"WebSite\",\"@id\":\"https:\\\/\\\/salesianosmaux.es\\\/centrojuvenil\\\/#website\",\"url\":\"https:\\\/\\\/salesianosmaux.es\\\/centrojuvenil\\\/\",\"name\":\"Centro Juvenil Mar\u00eda Auxiliadora\",\"description\":\"\",\"potentialAction\":[{\"@type\":\"SearchAction\",\"target\":{\"@type\":\"EntryPoint\",\"urlTemplate\":\"https:\\\/\\\/salesianosmaux.es\\\/centrojuvenil\\\/?s={search_term_string}\"},\"query-input\":{\"@type\":\"PropertyValueSpecification\",\"valueRequired\":true,\"valueName\":\"search_term_string\"}}],\"inLanguage\":\"es\"}]}<\/script>\n<!-- \/ Yoast SEO plugin. -->","yoast_head_json":{"title":"Canal de denuncias - Centro Juvenil Mar\u00eda Auxiliadora","robots":{"index":"index","follow":"follow","max-snippet":"max-snippet:-1","max-image-preview":"max-image-preview:large","max-video-preview":"max-video-preview:-1"},"canonical":"https:\/\/salesianosmaux.es\/centrojuvenil\/canal-de-denuncias\/","og_locale":"es_ES","og_type":"article","og_title":"Canal de denuncias - Centro Juvenil Mar\u00eda Auxiliadora","og_description":"Te puede interesar...","og_url":"https:\/\/salesianosmaux.es\/centrojuvenil\/canal-de-denuncias\/","og_site_name":"Centro Juvenil Mar\u00eda Auxiliadora","twitter_card":"summary_large_image","schema":{"@context":"https:\/\/schema.org","@graph":[{"@type":"WebPage","@id":"https:\/\/salesianosmaux.es\/centrojuvenil\/canal-de-denuncias\/","url":"https:\/\/salesianosmaux.es\/centrojuvenil\/canal-de-denuncias\/","name":"Canal de denuncias - Centro Juvenil Mar\u00eda Auxiliadora","isPartOf":{"@id":"https:\/\/salesianosmaux.es\/centrojuvenil\/#website"},"datePublished":"2026-04-20T11:38:29+00:00","breadcrumb":{"@id":"https:\/\/salesianosmaux.es\/centrojuvenil\/canal-de-denuncias\/#breadcrumb"},"inLanguage":"es","potentialAction":[{"@type":"ReadAction","target":["https:\/\/salesianosmaux.es\/centrojuvenil\/canal-de-denuncias\/"]}]},{"@type":"BreadcrumbList","@id":"https:\/\/salesianosmaux.es\/centrojuvenil\/canal-de-denuncias\/#breadcrumb","itemListElement":[{"@type":"ListItem","position":1,"name":"Portada","item":"https:\/\/salesianosmaux.es\/centrojuvenil\/"},{"@type":"ListItem","position":2,"name":"Canal de denuncias"}]},{"@type":"WebSite","@id":"https:\/\/salesianosmaux.es\/centrojuvenil\/#website","url":"https:\/\/salesianosmaux.es\/centrojuvenil\/","name":"Centro Juvenil Mar\u00eda Auxiliadora","description":"","potentialAction":[{"@type":"SearchAction","target":{"@type":"EntryPoint","urlTemplate":"https:\/\/salesianosmaux.es\/centrojuvenil\/?s={search_term_string}"},"query-input":{"@type":"PropertyValueSpecification","valueRequired":true,"valueName":"search_term_string"}}],"inLanguage":"es"}]}},"_links":{"self":[{"href":"https:\/\/salesianosmaux.es\/centrojuvenil\/wp-json\/wp\/v2\/pages\/2009","targetHints":{"allow":["GET"]}}],"collection":[{"href":"https:\/\/salesianosmaux.es\/centrojuvenil\/wp-json\/wp\/v2\/pages"}],"about":[{"href":"https:\/\/salesianosmaux.es\/centrojuvenil\/wp-json\/wp\/v2\/types\/page"}],"author":[{"embeddable":true,"href":"https:\/\/salesianosmaux.es\/centrojuvenil\/wp-json\/wp\/v2\/users\/1"}],"replies":[{"embeddable":true,"href":"https:\/\/salesianosmaux.es\/centrojuvenil\/wp-json\/wp\/v2\/comments?post=2009"}],"version-history":[{"count":2,"href":"https:\/\/salesianosmaux.es\/centrojuvenil\/wp-json\/wp\/v2\/pages\/2009\/revisions"}],"predecessor-version":[{"id":2012,"href":"https:\/\/salesianosmaux.es\/centrojuvenil\/wp-json\/wp\/v2\/pages\/2009\/revisions\/2012"}],"wp:attachment":[{"href":"https:\/\/salesianosmaux.es\/centrojuvenil\/wp-json\/wp\/v2\/media?parent=2009"}],"curies":[{"name":"wp","href":"https:\/\/api.w.org\/{rel}","templated":true}]}}