{"id":1003,"date":"2022-04-27T15:13:27","date_gmt":"2022-04-27T15:13:27","guid":{"rendered":"https:\/\/salesianosmaux.es\/colegio\/?page_id=1003"},"modified":"2026-02-04T15:27:11","modified_gmt":"2026-02-04T15:27:11","slug":"bachillerato-dual-americano","status":"publish","type":"page","link":"https:\/\/salesianosmaux.es\/colegio\/bachillerato-dual-americano\/","title":{"rendered":"Bachillerato Dual Americano"},"content":{"rendered":"<p>[et_pb_section fb_built=\u00bb1&#8243; fullwidth=\u00bbon\u00bb _builder_version=\u00bb4.16&#8243; global_colors_info=\u00bb{}\u00bb][et_pb_fullwidth_header title=\u00bbBachillerato Dual Americano\u00bb title_font_color=\u00bb#ffffff\u00bb module_class=\u00bbpagina-imagen-cabecera\u00bb _builder_version=\u00bb4.18.0&#8243; title_font=\u00bbLato||||||||\u00bb title_text_color=\u00bb#ffffff\u00bb title_font_size=\u00bb40px\u00bb background_color=\u00bb#E02B20&#8243; background_image=\u00bbhttps:\/\/salesianosmaux.es\/colegio\/wp-content\/uploads\/sites\/5\/2022\/02\/encabezado_noticias_casa-min.png\u00bb max_width_tablet=\u00bb50px\u00bb background_url=\u00bbhttps:\/\/alicante.salesianos.edu\/colegio\/wp-content\/uploads\/sites\/2\/2017\/03\/Captura-de-pantalla-2017-03-21-a-las-17.25.56.png\u00bb button_one_letter_spacing_hover=\u00bb0&#8243; button_two_letter_spacing_hover=\u00bb0&#8243; global_colors_info=\u00bb{}\u00bb button_one_text_size__hover_enabled=\u00bboff\u00bb button_two_text_size__hover_enabled=\u00bboff\u00bb button_one_text_color__hover_enabled=\u00bboff\u00bb button_two_text_color__hover_enabled=\u00bboff\u00bb button_one_border_width__hover_enabled=\u00bboff\u00bb button_two_border_width__hover_enabled=\u00bboff\u00bb button_one_border_color__hover_enabled=\u00bboff\u00bb button_two_border_color__hover_enabled=\u00bboff\u00bb button_one_border_radius__hover_enabled=\u00bboff\u00bb button_two_border_radius__hover_enabled=\u00bboff\u00bb button_one_letter_spacing__hover_enabled=\u00bbon\u00bb button_one_letter_spacing__hover=\u00bb0&#8243; button_two_letter_spacing__hover_enabled=\u00bbon\u00bb button_two_letter_spacing__hover=\u00bb0&#8243; button_one_bg_color__hover_enabled=\u00bboff\u00bb button_two_bg_color__hover_enabled=\u00bboff\u00bb][\/et_pb_fullwidth_header][\/et_pb_section][et_pb_section fb_built=\u00bb1&#8243; _builder_version=\u00bb4.18.0&#8243; _module_preset=\u00bbdefault\u00bb global_colors_info=\u00bb{}\u00bb][et_pb_row column_structure=\u00bb2_3,1_3&#8243; _builder_version=\u00bb4.25.0&#8243; _module_preset=\u00bbdefault\u00bb global_colors_info=\u00bb{}\u00bb][et_pb_column type=\u00bb2_3&#8243; _builder_version=\u00bb4.25.0&#8243; _module_preset=\u00bbdefault\u00bb global_colors_info=\u00bb{}\u00bb][et_pb_video src=\u00bbhttps:\/\/www.youtube.com\/watch?v=kEFv6IOEVJM\u00bb _builder_version=\u00bb4.25.0&#8243; _module_preset=\u00bbdefault\u00bb global_colors_info=\u00bb{}\u00bb][\/et_pb_video][\/et_pb_column][et_pb_column type=\u00bb1_3&#8243; _builder_version=\u00bb4.25.0&#8243; _module_preset=\u00bbdefault\u00bb global_colors_info=\u00bb{}\u00bb][et_pb_blurb title=\u00bbCurso 2024\/25&#8243; use_icon=\u00bbon\u00bb font_icon=\u00bb&#xf2b5;||fa||400&#8243; _builder_version=\u00bb4.25.0&#8243; _module_preset=\u00bbdefault\u00bb header_level=\u00bbh2&#8243; header_text_align=\u00bbcenter\u00bb global_colors_info=\u00bb{}\u00bb disabled_on=\u00bbon|on|on\u00bb disabled=\u00bbon\u00bb]<\/p>\n<p style=\"text-align: center;\">\u00a1Asiste a la pr\u00f3xima reuni\u00f3n informativa para el pr\u00f3ximo curso!<\/p>\n<p style=\"text-align: center;\"><strong>7 de mayo &#8211; 18:00 horas<\/strong><\/p>\n<p style=\"text-align: center;\"><strong>Teatro del colegio<\/strong><\/p>\n<p>[\/et_pb_blurb][\/et_pb_column][\/et_pb_row][et_pb_row column_structure=\u00bb2_3,1_3&#8243; _builder_version=\u00bb4.18.0&#8243; _module_preset=\u00bbdefault\u00bb global_colors_info=\u00bb{}\u00bb][et_pb_column type=\u00bb2_3&#8243; _builder_version=\u00bb4.18.0&#8243; _module_preset=\u00bbdefault\u00bb global_colors_info=\u00bb{}\u00bb][et_pb_text _builder_version=\u00bb4.18.0&#8243; text_font=\u00bb||||||||\u00bb text_font_size=\u00bb16px\u00bb header_font=\u00bb||||||||\u00bb header_2_font=\u00bbLato|300|||||||\u00bb header_2_font_size=\u00bb30px\u00bb text_orientation=\u00bbjustified\u00bb global_colors_info=\u00bb{}\u00bb]<\/p>\n<p>&nbsp;<\/p>\n<p style=\"text-align: justify;\">Nuestro colegio ofrece a alumnos y familias la posibilidad de cursar el programa de Bachillerato Dual Americano que tiene una duraci\u00f3n de 3 cursos. Pueden empezar a estudiarlo a partir de 2\u00ba o 3\u00ba ESO.<\/p>\n<p style=\"text-align: justify;\">Es un innovador programa de digital learning que, utilizando las nuevas tecnolog\u00edas en educaci\u00f3n conjuntamente con el apoyo, seguimiento y supervisi\u00f3n de las sesiones de \u201cmentoring\u201d, permite obtener a distancia el certificado US High School Diploma. As\u00ed, el alumno podr\u00e1 interactuar en cualquier momento, desde cualquier sitio y dispositivo (tableta, tel\u00e9fono m\u00f3vil, ordenador port\u00e1til\u2026) con un entorno de aprendizaje internacional totalmente en ingl\u00e9s, haciendo posible lo que hace unos a\u00f1os ni nos hubi\u00e9ramos imaginado.<\/p>\n<p style=\"text-align: justify;\">Lo hacemos en colaboraci\u00f3n con <a href=\"https:\/\/lkidiomas.com\/bachillerato-dual-americano\/\" target=\"_blank\" rel=\"noopener\">LKAHS<\/a>, por lo que el curr\u00edculo, la estructura y las exigencias se mantienen intactas como en un High School americano, con el matiz de que los alumnos no asisten f\u00edsicamente al centro de estudios.<\/p>\n<p>[\/et_pb_text][\/et_pb_column][et_pb_column type=\u00bb1_3&#8243; _builder_version=\u00bb4.18.0&#8243; _module_preset=\u00bbdefault\u00bb global_colors_info=\u00bb{}\u00bb][et_pb_image src=\u00bbhttps:\/\/salesianosmaux.es\/colegio\/wp-content\/uploads\/sites\/5\/2022\/10\/BDA-poster18-scaled.jpg\u00bb title_text=\u00bbBDA poster18&#8243; _builder_version=\u00bb4.18.0&#8243; _module_preset=\u00bbdefault\u00bb global_colors_info=\u00bb{}\u00bb][\/et_pb_image][\/et_pb_column][\/et_pb_row][et_pb_row column_structure=\u00bb1_2,1_2&#8243; _builder_version=\u00bb4.18.0&#8243; _module_preset=\u00bbdefault\u00bb global_colors_info=\u00bb{}\u00bb][et_pb_column type=\u00bb1_2&#8243; _builder_version=\u00bb4.18.0&#8243; _module_preset=\u00bbdefault\u00bb global_colors_info=\u00bb{}\u00bb][et_pb_image src=\u00bbhttps:\/\/salesianosmaux.es\/colegio\/wp-content\/uploads\/sites\/5\/2022\/10\/22BDAimp-scaled.jpg\u00bb title_text=\u00bbprueba\u00bb _builder_version=\u00bb4.18.0&#8243; _module_preset=\u00bbdefault\u00bb global_colors_info=\u00bb{}\u00bb][\/et_pb_image][et_pb_blurb title=\u00bbAcceso a la web del programa BDA\u00bb url=\u00bbhttps:\/\/lkidiomas.com\/bachillerato-dual-americano\/\u00bb url_new_window=\u00bbon\u00bb use_icon=\u00bbon\u00bb font_icon=\u00bb&#xf57c;||fa||900&#8243; icon_placement=\u00bbleft\u00bb image_icon_width=\u00bb97px\u00bb _builder_version=\u00bb4.18.0&#8243; _module_preset=\u00bbdefault\u00bb header_level=\u00bbh3&#8243; header_font=\u00bbLato||||||||\u00bb body_font=\u00bbLato||||||||\u00bb body_font_size=\u00bb15px\u00bb custom_margin=\u00bb100px|0px|||false|false\u00bb global_colors_info=\u00bb{}\u00bb]<\/p>\n<p style=\"text-align: justify;\">Puedes acceder a la web con toda la informaci\u00f3n del programa de BDA que ofertamos.<\/p>\n<p>[\/et_pb_blurb][\/et_pb_column][et_pb_column type=\u00bb1_2&#8243; _builder_version=\u00bb4.18.0&#8243; _module_preset=\u00bbdefault\u00bb global_colors_info=\u00bb{}\u00bb][et_pb_text _builder_version=\u00bb4.18.0&#8243; text_font=\u00bb||||||||\u00bb header_font=\u00bb||||||||\u00bb header_2_font=\u00bbLato|300|||||||\u00bb header_2_font_size=\u00bb30px\u00bb text_orientation=\u00bbjustified\u00bb global_colors_info=\u00bb{}\u00bb]<\/p>\n<h2>\u00bfQu\u00e9 es el Bachillerato Dual Americano?<\/h2>\n<p>[\/et_pb_text][et_pb_accordion open_toggle_text_color=\u00bb#7c7c7c\u00bb open_toggle_background_color=\u00bb#f2f2f2&#8243; toggle_icon=\u00bb&#xe050;||divi||400&#8243; icon_color=\u00bb#E02B20&#8243; _builder_version=\u00bb4.18.0&#8243; _module_preset=\u00bbdefault\u00bb toggle_text_color=\u00bb#7c7c7c\u00bb toggle_level=\u00bbh1&#8243; toggle_font=\u00bbLato|900|on||||||\u00bb toggle_font_size=\u00bb22px\u00bb body_text_align=\u00bbjustify\u00bb body_font_size=\u00bb16px\u00bb background_color=\u00bb#FFFFFF\u00bb border_radii=\u00bbon|35px|35px|35px|35px\u00bb box_shadow_style=\u00bbpreset2&#8243; global_colors_info=\u00bb{}\u00bb][et_pb_accordion_item title=\u00bbEl Programa BDA permite la obtenci\u00f3n del t\u00edtulo %22High School Diploma%22&#8243; open=\u00bbon\u00bb _builder_version=\u00bb4.18.0&#8243; _module_preset=\u00bbdefault\u00bb global_colors_info=\u00bb{}\u00bb]<\/p>\n<p style=\"text-align: justify;\"><span>Realizando estudios simult\u00e1neamente en dos escuelas: en la del pa\u00eds de origen, de manera presencial, y en la estadounidense, a trav\u00e9s de nuestro programa desde Espa\u00f1a, otorgando este diploma un valor id\u00e9ntico al que pudiera obtener un alumno cuya asistencia a clase fuera presencial en los Estados Unidos. American High School es una escuela americana que aglutina a alumnos que, por diferentes motivos, no pueden cursar estudios presenciales, como deportistas de \u00e9lite, alumnos cuyos padres o ellos mismos son \u201cfamosos\u201d o con padres que viajan por trabajo, entre otros, albergando m\u00e1s de 1500 alumnos durante todo el a\u00f1o. Ahora, a trav\u00e9s de Language Kingdom, abre tambi\u00e9n sus puertas a los estudiantes espa\u00f1oles.<\/span><\/p>\n<p>[\/et_pb_accordion_item][et_pb_accordion_item title=\u00bbEs una ventaja adicional para los alumnos\u00bb _builder_version=\u00bb4.18.0&#8243; _module_preset=\u00bbdefault\u00bb global_colors_info=\u00bb{}\u00bb open=\u00bboff\u00bb]<\/p>\n<p style=\"text-align: justify;\"><span>M\u00e1s all\u00e1 de la doble titulaci\u00f3n, este programa ha sido dise\u00f1ado con el fin de proporcionar una ventaja adicional a estos alumnos, dot\u00e1ndoles de unas herramientas \u00fanicas que les permitir\u00e1n hacer frente a los retos cada d\u00eda m\u00e1s exigentes de un mercado global en el que ya no solo se compite con el talento local, sino con candidatos de cualquier punto del planeta<\/span><\/p>\n<p>[\/et_pb_accordion_item][et_pb_accordion_item title=\u00bbLa innovaci\u00f3n educativa se mezcla con el uso de las nuevas tecnolog\u00edas\u00bb _builder_version=\u00bb4.18.0&#8243; _module_preset=\u00bbdefault\u00bb global_colors_info=\u00bb{}\u00bb open=\u00bboff\u00bb]<\/p>\n<p style=\"text-align: justify;\"><span>Con un programa de estudios en el que la innovaci\u00f3n educativa se mezcla con el uso de las nuevas tecnolog\u00edas, herramientas de calidad, la constancia y la supervisi\u00f3n, se garantiza una preparaci\u00f3n superior a todos los alumnos que bien deseen cursar estudios universitarios en nuestro pa\u00eds, en EE.UU., o en cualquier rinc\u00f3n del mundo.<\/span><\/p>\n<p>[\/et_pb_accordion_item][et_pb_accordion_item title=\u00bbExcelencia educativa\u00bb _builder_version=\u00bb4.18.0&#8243; _module_preset=\u00bbdefault\u00bb global_colors_info=\u00bb{}\u00bb open=\u00bboff\u00bb]<\/p>\n<p style=\"text-align: justify;\"><span>La excelencia educativa parte desde los mismos profesores, profesionales nativos con alta cualificaci\u00f3n, que guiar\u00e1n a los estudiantes en cada una de las fases del proyecto. Al mismo tiempo, la combinaci\u00f3n de una supervisi\u00f3n por parte del centro y del departamento de Bachillerato Dual Americano de Language Kingdom en Espa\u00f1a, afianza el respaldo institucional y garantiza a las familias que los estudiantes obtendr\u00e1n, con \u00e9xito, la meta propuesta.<\/span><\/p>\n<p>[\/et_pb_accordion_item][\/et_pb_accordion][\/et_pb_column][\/et_pb_row][\/et_pb_section]<\/p>\n","protected":false},"excerpt":{"rendered":"<p>\u00a1Asiste a la pr\u00f3xima reuni\u00f3n informativa para el pr\u00f3ximo curso! 7 de mayo &#8211; 18:00 horas Teatro del colegio&nbsp; Nuestro colegio ofrece a alumnos y familias la posibilidad de cursar el programa de Bachillerato Dual Americano que tiene una duraci\u00f3n de 3 cursos. Pueden empezar a estudiarlo a partir de 2\u00ba o 3\u00ba ESO. Es [&hellip;]<\/p>\n","protected":false},"author":1,"featured_media":0,"parent":0,"menu_order":0,"comment_status":"closed","ping_status":"closed","template":"","meta":{"_et_pb_use_builder":"on","_et_pb_old_content":"<!-- wp:divi\/placeholder \/-->","_et_gb_content_width":"","_joinchat":[],"footnotes":""},"class_list":["post-1003","page","type-page","status-publish","hentry"],"yoast_head":"<!-- This site is optimized with the Yoast SEO plugin v27.4 - https:\/\/yoast.com\/product\/yoast-seo-wordpress\/ -->\n<title>Bachillerato Dual Americano - Colegio Mar\u00eda Auxiliadora<\/title>\n<meta name=\"robots\" content=\"index, follow, max-snippet:-1, max-image-preview:large, max-video-preview:-1\" \/>\n<link rel=\"canonical\" href=\"https:\/\/salesianosmaux.es\/colegio\/bachillerato-dual-americano\/\" \/>\n<meta property=\"og:locale\" content=\"es_ES\" \/>\n<meta property=\"og:type\" content=\"article\" \/>\n<meta property=\"og:title\" content=\"Bachillerato Dual Americano - Colegio Mar\u00eda Auxiliadora\" \/>\n<meta property=\"og:description\" content=\"Te puede interesar...\" \/>\n<meta property=\"og:url\" content=\"https:\/\/salesianosmaux.es\/colegio\/bachillerato-dual-americano\/\" \/>\n<meta property=\"og:site_name\" content=\"Colegio Mar\u00eda Auxiliadora\" \/>\n<meta property=\"article:modified_time\" content=\"2026-02-04T15:27:11+00:00\" \/>\n<meta name=\"twitter:card\" content=\"summary_large_image\" \/>\n<script type=\"application\/ld+json\" class=\"yoast-schema-graph\">{\"@context\":\"https:\\\/\\\/schema.org\",\"@graph\":[{\"@type\":\"WebPage\",\"@id\":\"https:\\\/\\\/salesianosmaux.es\\\/colegio\\\/bachillerato-dual-americano\\\/\",\"url\":\"https:\\\/\\\/salesianosmaux.es\\\/colegio\\\/bachillerato-dual-americano\\\/\",\"name\":\"Bachillerato Dual Americano - Colegio Mar\u00eda Auxiliadora\",\"isPartOf\":{\"@id\":\"https:\\\/\\\/salesianosmaux.es\\\/colegio\\\/#website\"},\"datePublished\":\"2022-04-27T15:13:27+00:00\",\"dateModified\":\"2026-02-04T15:27:11+00:00\",\"breadcrumb\":{\"@id\":\"https:\\\/\\\/salesianosmaux.es\\\/colegio\\\/bachillerato-dual-americano\\\/#breadcrumb\"},\"inLanguage\":\"es\",\"potentialAction\":[{\"@type\":\"ReadAction\",\"target\":[\"https:\\\/\\\/salesianosmaux.es\\\/colegio\\\/bachillerato-dual-americano\\\/\"]}]},{\"@type\":\"BreadcrumbList\",\"@id\":\"https:\\\/\\\/salesianosmaux.es\\\/colegio\\\/bachillerato-dual-americano\\\/#breadcrumb\",\"itemListElement\":[{\"@type\":\"ListItem\",\"position\":1,\"name\":\"Portada\",\"item\":\"https:\\\/\\\/salesianosmaux.es\\\/colegio\\\/\"},{\"@type\":\"ListItem\",\"position\":2,\"name\":\"Bachillerato Dual Americano\"}]},{\"@type\":\"WebSite\",\"@id\":\"https:\\\/\\\/salesianosmaux.es\\\/colegio\\\/#website\",\"url\":\"https:\\\/\\\/salesianosmaux.es\\\/colegio\\\/\",\"name\":\"Colegio Mar\u00eda Auxiliadora\",\"description\":\"Colegio Mar\u00eda Auxiliadora\",\"potentialAction\":[{\"@type\":\"SearchAction\",\"target\":{\"@type\":\"EntryPoint\",\"urlTemplate\":\"https:\\\/\\\/salesianosmaux.es\\\/colegio\\\/?s={search_term_string}\"},\"query-input\":{\"@type\":\"PropertyValueSpecification\",\"valueRequired\":true,\"valueName\":\"search_term_string\"}}],\"inLanguage\":\"es\"}]}<\/script>\n<!-- \/ Yoast SEO plugin. -->","yoast_head_json":{"title":"Bachillerato Dual Americano - Colegio Mar\u00eda Auxiliadora","robots":{"index":"index","follow":"follow","max-snippet":"max-snippet:-1","max-image-preview":"max-image-preview:large","max-video-preview":"max-video-preview:-1"},"canonical":"https:\/\/salesianosmaux.es\/colegio\/bachillerato-dual-americano\/","og_locale":"es_ES","og_type":"article","og_title":"Bachillerato Dual Americano - Colegio Mar\u00eda Auxiliadora","og_description":"Te puede interesar...","og_url":"https:\/\/salesianosmaux.es\/colegio\/bachillerato-dual-americano\/","og_site_name":"Colegio Mar\u00eda Auxiliadora","article_modified_time":"2026-02-04T15:27:11+00:00","twitter_card":"summary_large_image","schema":{"@context":"https:\/\/schema.org","@graph":[{"@type":"WebPage","@id":"https:\/\/salesianosmaux.es\/colegio\/bachillerato-dual-americano\/","url":"https:\/\/salesianosmaux.es\/colegio\/bachillerato-dual-americano\/","name":"Bachillerato Dual Americano - Colegio Mar\u00eda Auxiliadora","isPartOf":{"@id":"https:\/\/salesianosmaux.es\/colegio\/#website"},"datePublished":"2022-04-27T15:13:27+00:00","dateModified":"2026-02-04T15:27:11+00:00","breadcrumb":{"@id":"https:\/\/salesianosmaux.es\/colegio\/bachillerato-dual-americano\/#breadcrumb"},"inLanguage":"es","potentialAction":[{"@type":"ReadAction","target":["https:\/\/salesianosmaux.es\/colegio\/bachillerato-dual-americano\/"]}]},{"@type":"BreadcrumbList","@id":"https:\/\/salesianosmaux.es\/colegio\/bachillerato-dual-americano\/#breadcrumb","itemListElement":[{"@type":"ListItem","position":1,"name":"Portada","item":"https:\/\/salesianosmaux.es\/colegio\/"},{"@type":"ListItem","position":2,"name":"Bachillerato Dual Americano"}]},{"@type":"WebSite","@id":"https:\/\/salesianosmaux.es\/colegio\/#website","url":"https:\/\/salesianosmaux.es\/colegio\/","name":"Colegio Mar\u00eda Auxiliadora","description":"Colegio Mar\u00eda Auxiliadora","potentialAction":[{"@type":"SearchAction","target":{"@type":"EntryPoint","urlTemplate":"https:\/\/salesianosmaux.es\/colegio\/?s={search_term_string}"},"query-input":{"@type":"PropertyValueSpecification","valueRequired":true,"valueName":"search_term_string"}}],"inLanguage":"es"}]}},"_links":{"self":[{"href":"https:\/\/salesianosmaux.es\/colegio\/wp-json\/wp\/v2\/pages\/1003","targetHints":{"allow":["GET"]}}],"collection":[{"href":"https:\/\/salesianosmaux.es\/colegio\/wp-json\/wp\/v2\/pages"}],"about":[{"href":"https:\/\/salesianosmaux.es\/colegio\/wp-json\/wp\/v2\/types\/page"}],"author":[{"embeddable":true,"href":"https:\/\/salesianosmaux.es\/colegio\/wp-json\/wp\/v2\/users\/1"}],"replies":[{"embeddable":true,"href":"https:\/\/salesianosmaux.es\/colegio\/wp-json\/wp\/v2\/comments?post=1003"}],"version-history":[{"count":10,"href":"https:\/\/salesianosmaux.es\/colegio\/wp-json\/wp\/v2\/pages\/1003\/revisions"}],"predecessor-version":[{"id":12143,"href":"https:\/\/salesianosmaux.es\/colegio\/wp-json\/wp\/v2\/pages\/1003\/revisions\/12143"}],"wp:attachment":[{"href":"https:\/\/salesianosmaux.es\/colegio\/wp-json\/wp\/v2\/media?parent=1003"}],"curies":[{"name":"wp","href":"https:\/\/api.w.org\/{rel}","templated":true}]}}