{"id":61,"date":"2022-02-08T15:33:56","date_gmt":"2022-02-08T15:33:56","guid":{"rendered":"https:\/\/salesianosmaux.es\/colegio\/ofertaeducativa\/"},"modified":"2025-08-31T14:13:50","modified_gmt":"2025-08-31T14:13:50","slug":"ofertaeducativa","status":"publish","type":"page","link":"https:\/\/salesianosmaux.es\/colegio\/ofertaeducativa\/","title":{"rendered":"Oferta educativa"},"content":{"rendered":"<p>[et_pb_section fb_built=\u00bb1&#8243; fullwidth=\u00bbon\u00bb _builder_version=\u00bb4.16&#8243; global_colors_info=\u00bb{}\u00bb][et_pb_fullwidth_header title=\u00bbOferta educativa\u00bb title_font_color=\u00bb#ffffff\u00bb module_class=\u00bbpagina-imagen-cabecera\u00bb _builder_version=\u00bb4.16&#8243; title_font=\u00bbLato||||||||\u00bb title_text_color=\u00bb#ffffff\u00bb title_font_size=\u00bb40px\u00bb background_color=\u00bbrgba(255, 255, 255, 0)\u00bb background_image=\u00bbhttps:\/\/salesianosmaux.es\/colegio\/wp-content\/uploads\/sites\/5\/2022\/03\/0.-PORTADA-OFERTA-EDUCATIVA-scaled.jpg\u00bb background_layout=\u00bblight\u00bb max_width_tablet=\u00bb50px\u00bb background_url=\u00bbhttps:\/\/alicante.salesianos.edu\/colegio\/wp-content\/uploads\/sites\/2\/2017\/03\/Archivo_002-2.jpeg\u00bb button_one_letter_spacing_hover=\u00bb0&#8243; button_two_letter_spacing_hover=\u00bb0&#8243; global_colors_info=\u00bb{}\u00bb button_one_text_size__hover_enabled=\u00bboff\u00bb button_two_text_size__hover_enabled=\u00bboff\u00bb button_one_text_color__hover_enabled=\u00bboff\u00bb button_two_text_color__hover_enabled=\u00bboff\u00bb button_one_border_width__hover_enabled=\u00bboff\u00bb button_two_border_width__hover_enabled=\u00bboff\u00bb button_one_border_color__hover_enabled=\u00bboff\u00bb button_two_border_color__hover_enabled=\u00bboff\u00bb button_one_border_radius__hover_enabled=\u00bboff\u00bb button_two_border_radius__hover_enabled=\u00bboff\u00bb button_one_letter_spacing__hover_enabled=\u00bbon\u00bb button_one_letter_spacing__hover=\u00bb0&#8243; button_two_letter_spacing__hover_enabled=\u00bbon\u00bb button_two_letter_spacing__hover=\u00bb0&#8243; button_one_bg_color__hover_enabled=\u00bboff\u00bb button_two_bg_color__hover_enabled=\u00bboff\u00bb][\/et_pb_fullwidth_header][\/et_pb_section][et_pb_section fb_built=\u00bb1&#8243; module_class=\u00bbpagina-seccion-contenido\u00bb _builder_version=\u00bb4.16&#8243; custom_padding=\u00bb0px|0px|54px|0px\u00bb global_colors_info=\u00bb{}\u00bb][et_pb_row column_structure=\u00bb3_4,1_4&#8243; module_class=\u00bbpagina-texto\u00bb _builder_version=\u00bb4.16&#8243; background_size=\u00bbinitial\u00bb background_position=\u00bbtop_left\u00bb background_repeat=\u00bbrepeat\u00bb custom_margin=\u00bb|||\u00bb custom_padding=\u00bb|||\u00bb global_colors_info=\u00bb{}\u00bb][et_pb_column type=\u00bb3_4&#8243; _builder_version=\u00bb4.16&#8243; custom_padding=\u00bb|||\u00bb global_colors_info=\u00bb{}\u00bb custom_padding__hover=\u00bb|||\u00bb][et_pb_text _builder_version=\u00bb4.16&#8243; header_font=\u00bbLato|300|||||||\u00bb header_font_size=\u00bb34px\u00bb header_2_font=\u00bbLato||||||||\u00bb custom_margin=\u00bb|||\u00bb custom_padding=\u00bb25px|||\u00bb global_colors_info=\u00bb{}\u00bb]<\/p>\n<h1>Una escuela que acompa\u00f1a<\/h1>\n<p>[\/et_pb_text][et_pb_text _builder_version=\u00bb4.21.0&#8243; background_size=\u00bbinitial\u00bb background_position=\u00bbtop_left\u00bb background_repeat=\u00bbrepeat\u00bb border_style=\u00bbsolid\u00bb global_colors_info=\u00bb{}\u00bb]<\/p>\n<div align=\"justify\">\n<p>En nuestro centro tus hijos\/as podr\u00e1n cursar tanto las <strong>etapas obligatorias<\/strong> (<em><a href=\"https:\/\/salesianosmaux.es\/colegio\/primaria\/\" title=\"Sobre la etapa de Primaria\">Primaria<\/a> y <a href=\"https:\/\/salesianosmaux.es\/colegio\/eso\/\" title=\"Sobre la E.S.O.\">Secundaria<\/a><\/em>) como las <strong>no obligatorias\u00a0<\/strong>(<em><a href=\"https:\/\/salesianosmaux.es\/colegio\/infantil\/\" title=\"Sobre la etapa de Infantil\">Infantil<\/a> y <a href=\"https:\/\/salesianosmaux.es\/colegio\/bachillerato\/\" title=\"Sobre Bachillerato\">Bachillerato<\/a><\/em>).\u00a0Esto significa que desde sus primeros meses de vida hasta su formaci\u00f3n pre-universitaria podr\u00e1n disfrutar de una <strong>educaci\u00f3n continuada\u00a0<\/strong>y en sinton\u00eda con los valores propios de una escuela <strong>salesiana y cristiana<\/strong>.<\/p>\n<p>Pincha en los siguientes <strong>enlaces<\/strong> para saber m\u00e1s sobre cada una de las etapas:<\/p>\n<\/div>\n<p>[\/et_pb_text][\/et_pb_column][et_pb_column type=\u00bb1_4&#8243; _builder_version=\u00bb4.16&#8243; custom_padding=\u00bb|||\u00bb global_colors_info=\u00bb{}\u00bb custom_padding__hover=\u00bb|||\u00bb][et_pb_number_counter title=\u00bbEtapas\u00bb number=\u00bb4&#8243; percent_sign=\u00bboff\u00bb _builder_version=\u00bb4.21.0&#8243; title_font=\u00bbLato Light||||\u00bb title_text_color=\u00bb#7a7a7a\u00bb title_font_size=\u00bb30px\u00bb number_font=\u00bbLato||||\u00bb custom_padding=\u00bb15px|||\u00bb custom_padding_last_edited=\u00bboff|desktop\u00bb global_colors_info=\u00bb{}\u00bb][\/et_pb_number_counter][et_pb_number_counter title=\u00bbAlumnos\u00bb number=\u00bb1000&#8243; percent_sign=\u00bboff\u00bb _builder_version=\u00bb4.27.4&#8243; title_font=\u00bbLato Light||||\u00bb title_text_color=\u00bb#7a7a7a\u00bb title_font_size=\u00bb30px\u00bb number_font=\u00bbLato||||\u00bb hover_enabled=\u00bb0&#8243; global_colors_info=\u00bb{}\u00bb sticky_enabled=\u00bb0&#8243;][\/et_pb_number_counter][\/et_pb_column][\/et_pb_row][et_pb_row column_structure=\u00bb1_2,1_2&#8243; admin_label=\u00bbrow\u00bb _builder_version=\u00bb4.16&#8243; background_size=\u00bbinitial\u00bb background_position=\u00bbtop_left\u00bb background_repeat=\u00bbrepeat\u00bb custom_padding=\u00bb|0px|0px|0px\u00bb global_colors_info=\u00bb{}\u00bb][et_pb_column type=\u00bb1_2&#8243; _builder_version=\u00bb4.16&#8243; custom_padding=\u00bb|||\u00bb global_colors_info=\u00bb{}\u00bb custom_padding__hover=\u00bb|||\u00bb][et_pb_blurb title=\u00bbEducaci\u00f3n Infantil\u00bb url=\u00bbhttps:\/\/salesianosmaux.es\/colegio\/infantil\/\u00bb admin_label=\u00bbBot\u00f3n a etapa educativa (Anuncio)\u00bb _builder_version=\u00bb4.16&#8243; header_font=\u00bbLato Light||||\u00bb header_text_color=\u00bb#ffffff\u00bb header_font_size=\u00bb47px\u00bb background_color=\u00bb#e02b20&#8243; background_image=\u00bbhttps:\/\/salesianosmaux.es\/colegio\/wp-content\/uploads\/sites\/5\/2022\/03\/INFANTIL-scaled.jpg\u00bb background_blend=\u00bbdarken\u00bb text_orientation=\u00bbcenter\u00bb max_width_tablet=\u00bb50px\u00bb custom_margin=\u00bb||25px|\u00bb custom_padding=\u00bb76px||82px|\u00bb border_style=\u00bbsolid\u00bb use_circle=\u00bboff\u00bb use_circle_border=\u00bboff\u00bb global_colors_info=\u00bb{}\u00bb][\/et_pb_blurb][\/et_pb_column][et_pb_column type=\u00bb1_2&#8243; _builder_version=\u00bb4.16&#8243; custom_padding=\u00bb|||\u00bb global_colors_info=\u00bb{}\u00bb custom_padding__hover=\u00bb|||\u00bb][et_pb_blurb title=\u00bbEducaci\u00f3n Primaria\u00bb url=\u00bbhttps:\/\/salesianosmaux.es\/colegio\/primaria\/\u00bb admin_label=\u00bbBot\u00f3n a etapa educativa (Anuncio)\u00bb _builder_version=\u00bb4.16&#8243; header_font=\u00bbLato Light||||\u00bb header_text_color=\u00bb#ffffff\u00bb header_font_size=\u00bb45px\u00bb background_color=\u00bb#e02b20&#8243; background_image=\u00bbhttps:\/\/salesianosmaux.es\/colegio\/wp-content\/uploads\/sites\/5\/2022\/03\/PRIMARIA-scaled.jpg\u00bb background_blend=\u00bbdarken\u00bb text_orientation=\u00bbcenter\u00bb max_width_tablet=\u00bb50px\u00bb custom_margin=\u00bb||25px|\u00bb custom_padding=\u00bb76px||82px|\u00bb border_style=\u00bbsolid\u00bb use_circle=\u00bboff\u00bb use_circle_border=\u00bboff\u00bb global_colors_info=\u00bb{}\u00bb][\/et_pb_blurb][\/et_pb_column][\/et_pb_row][et_pb_row column_structure=\u00bb1_2,1_2&#8243; _builder_version=\u00bb4.16&#8243; custom_padding=\u00bb0px|0px|0px|0px\u00bb global_colors_info=\u00bb{}\u00bb][et_pb_column type=\u00bb1_2&#8243; _builder_version=\u00bb4.16&#8243; custom_padding=\u00bb|||\u00bb global_colors_info=\u00bb{}\u00bb custom_padding__hover=\u00bb|||\u00bb][et_pb_blurb title=\u00bbEducaci\u00f3n Secundaria\u00bb url=\u00bbhttps:\/\/salesianosmaux.es\/colegio\/secundaria\/\u00bb admin_label=\u00bbBot\u00f3n a etapa educativa (Anuncio)\u00bb _builder_version=\u00bb4.16&#8243; header_font=\u00bbLato Light||||\u00bb header_text_color=\u00bb#ffffff\u00bb header_font_size=\u00bb42px\u00bb background_color=\u00bb#e02b20&#8243; background_image=\u00bbhttps:\/\/salesianosmaux.es\/colegio\/wp-content\/uploads\/sites\/5\/2022\/03\/ESO-scaled.jpg\u00bb background_blend=\u00bbdarken\u00bb text_orientation=\u00bbcenter\u00bb max_width_tablet=\u00bb50px\u00bb custom_margin=\u00bb||25px|\u00bb custom_padding=\u00bb79px||84px|\u00bb border_style=\u00bbsolid\u00bb use_circle=\u00bboff\u00bb use_circle_border=\u00bboff\u00bb global_colors_info=\u00bb{}\u00bb][\/et_pb_blurb][\/et_pb_column][et_pb_column type=\u00bb1_2&#8243; _builder_version=\u00bb4.16&#8243; custom_padding=\u00bb|||\u00bb global_colors_info=\u00bb{}\u00bb custom_padding__hover=\u00bb|||\u00bb][et_pb_blurb title=\u00bbBachillerato\u00bb url=\u00bbhttps:\/\/salesianosmaux.es\/colegio\/bachillerato\/\u00bb admin_label=\u00bbBot\u00f3n a etapa educativa (Anuncio)\u00bb _builder_version=\u00bb4.16&#8243; header_font=\u00bbLato Light||||\u00bb header_text_color=\u00bb#ffffff\u00bb header_font_size=\u00bb47px\u00bb background_color=\u00bb#e02b20&#8243; background_image=\u00bbhttps:\/\/salesianosmaux.es\/colegio\/wp-content\/uploads\/sites\/5\/2022\/03\/bachillerato.jpeg\u00bb background_blend=\u00bbdarken\u00bb text_orientation=\u00bbcenter\u00bb max_width_tablet=\u00bb50px\u00bb custom_margin=\u00bb||25px|\u00bb custom_padding=\u00bb76px||82px|\u00bb border_style=\u00bbsolid\u00bb use_circle=\u00bboff\u00bb use_circle_border=\u00bboff\u00bb global_colors_info=\u00bb{}\u00bb][\/et_pb_blurb][\/et_pb_column][\/et_pb_row][et_pb_row _builder_version=\u00bb4.16&#8243; custom_padding=\u00bb0px|0px|26.328125px|0px\u00bb global_colors_info=\u00bb{}\u00bb][et_pb_column type=\u00bb4_4&#8243; _builder_version=\u00bb4.16&#8243; custom_padding=\u00bb|||\u00bb global_colors_info=\u00bb{}\u00bb custom_padding__hover=\u00bb|||\u00bb][et_pb_blurb title=\u00bbFP de Grado Superior  Ciclo TSEAS\u00bb url=\u00bbhttps:\/\/salesianosmaux.es\/colegio\/ciclos-de-grado-superior\/\u00bb disabled_on=\u00bbon|on|on\u00bb admin_label=\u00bbBot\u00f3n a etapa educativa (Anuncio)\u00bb _builder_version=\u00bb4.16&#8243; header_font=\u00bbLato Light||||\u00bb header_text_color=\u00bb#ffffff\u00bb header_font_size=\u00bb47px\u00bb background_color=\u00bb#e02b20&#8243; background_image=\u00bbhttps:\/\/salesianosmaux.es\/colegio\/wp-content\/uploads\/sites\/5\/2022\/04\/oferta-educativa-tseas.jpeg\u00bb background_blend=\u00bbdarken\u00bb text_orientation=\u00bbcenter\u00bb max_width_tablet=\u00bb50px\u00bb custom_margin=\u00bb|||\u00bb custom_padding=\u00bb76px||82px|\u00bb border_style=\u00bbsolid\u00bb use_circle=\u00bboff\u00bb use_circle_border=\u00bboff\u00bb disabled=\u00bbon\u00bb global_colors_info=\u00bb{}\u00bb][\/et_pb_blurb][\/et_pb_column][\/et_pb_row][\/et_pb_section]<\/p>\n","protected":false},"excerpt":{"rendered":"<p>Una escuela que acompa\u00f1a En nuestro centro tus hijos\/as podr\u00e1n cursar tanto las etapas obligatorias (Primaria y Secundaria) como las no obligatorias\u00a0(Infantil y Bachillerato).\u00a0Esto significa que desde sus primeros meses de vida hasta su formaci\u00f3n pre-universitaria podr\u00e1n disfrutar de una educaci\u00f3n continuada\u00a0y en sinton\u00eda con los valores propios de una escuela salesiana y cristiana. Pincha [&hellip;]<\/p>\n","protected":false},"author":1,"featured_media":0,"parent":0,"menu_order":0,"comment_status":"closed","ping_status":"closed","template":"","meta":{"_et_pb_use_builder":"on","_et_pb_old_content":"","_et_gb_content_width":"","_joinchat":[],"footnotes":""},"class_list":["post-61","page","type-page","status-publish","hentry"],"yoast_head":"<!-- This site is optimized with the Yoast SEO plugin v27.3 - https:\/\/yoast.com\/product\/yoast-seo-wordpress\/ -->\n<title>Oferta educativa - Colegio Mar\u00eda Auxiliadora<\/title>\n<meta name=\"robots\" content=\"index, follow, max-snippet:-1, max-image-preview:large, max-video-preview:-1\" \/>\n<link rel=\"canonical\" href=\"https:\/\/salesianosmaux.es\/colegio\/ofertaeducativa\/\" \/>\n<meta property=\"og:locale\" content=\"es_ES\" \/>\n<meta property=\"og:type\" content=\"article\" \/>\n<meta property=\"og:title\" content=\"Oferta educativa - Colegio Mar\u00eda Auxiliadora\" \/>\n<meta property=\"og:description\" content=\"Te puede interesar...\" \/>\n<meta property=\"og:url\" content=\"https:\/\/salesianosmaux.es\/colegio\/ofertaeducativa\/\" \/>\n<meta property=\"og:site_name\" content=\"Colegio Mar\u00eda Auxiliadora\" \/>\n<meta property=\"article:modified_time\" content=\"2025-08-31T14:13:50+00:00\" \/>\n<meta name=\"twitter:card\" content=\"summary_large_image\" \/>\n<script type=\"application\/ld+json\" class=\"yoast-schema-graph\">{\"@context\":\"https:\\\/\\\/schema.org\",\"@graph\":[{\"@type\":\"WebPage\",\"@id\":\"https:\\\/\\\/salesianosmaux.es\\\/colegio\\\/ofertaeducativa\\\/\",\"url\":\"https:\\\/\\\/salesianosmaux.es\\\/colegio\\\/ofertaeducativa\\\/\",\"name\":\"Oferta educativa - Colegio Mar\u00eda Auxiliadora\",\"isPartOf\":{\"@id\":\"https:\\\/\\\/salesianosmaux.es\\\/colegio\\\/#website\"},\"datePublished\":\"2022-02-08T15:33:56+00:00\",\"dateModified\":\"2025-08-31T14:13:50+00:00\",\"breadcrumb\":{\"@id\":\"https:\\\/\\\/salesianosmaux.es\\\/colegio\\\/ofertaeducativa\\\/#breadcrumb\"},\"inLanguage\":\"es\",\"potentialAction\":[{\"@type\":\"ReadAction\",\"target\":[\"https:\\\/\\\/salesianosmaux.es\\\/colegio\\\/ofertaeducativa\\\/\"]}]},{\"@type\":\"BreadcrumbList\",\"@id\":\"https:\\\/\\\/salesianosmaux.es\\\/colegio\\\/ofertaeducativa\\\/#breadcrumb\",\"itemListElement\":[{\"@type\":\"ListItem\",\"position\":1,\"name\":\"Portada\",\"item\":\"https:\\\/\\\/salesianosmaux.es\\\/colegio\\\/\"},{\"@type\":\"ListItem\",\"position\":2,\"name\":\"Oferta educativa\"}]},{\"@type\":\"WebSite\",\"@id\":\"https:\\\/\\\/salesianosmaux.es\\\/colegio\\\/#website\",\"url\":\"https:\\\/\\\/salesianosmaux.es\\\/colegio\\\/\",\"name\":\"Colegio Mar\u00eda Auxiliadora\",\"description\":\"Colegio Mar\u00eda Auxiliadora\",\"potentialAction\":[{\"@type\":\"SearchAction\",\"target\":{\"@type\":\"EntryPoint\",\"urlTemplate\":\"https:\\\/\\\/salesianosmaux.es\\\/colegio\\\/?s={search_term_string}\"},\"query-input\":{\"@type\":\"PropertyValueSpecification\",\"valueRequired\":true,\"valueName\":\"search_term_string\"}}],\"inLanguage\":\"es\"}]}<\/script>\n<!-- \/ Yoast SEO plugin. -->","yoast_head_json":{"title":"Oferta educativa - Colegio Mar\u00eda Auxiliadora","robots":{"index":"index","follow":"follow","max-snippet":"max-snippet:-1","max-image-preview":"max-image-preview:large","max-video-preview":"max-video-preview:-1"},"canonical":"https:\/\/salesianosmaux.es\/colegio\/ofertaeducativa\/","og_locale":"es_ES","og_type":"article","og_title":"Oferta educativa - Colegio Mar\u00eda Auxiliadora","og_description":"Te puede interesar...","og_url":"https:\/\/salesianosmaux.es\/colegio\/ofertaeducativa\/","og_site_name":"Colegio Mar\u00eda Auxiliadora","article_modified_time":"2025-08-31T14:13:50+00:00","twitter_card":"summary_large_image","schema":{"@context":"https:\/\/schema.org","@graph":[{"@type":"WebPage","@id":"https:\/\/salesianosmaux.es\/colegio\/ofertaeducativa\/","url":"https:\/\/salesianosmaux.es\/colegio\/ofertaeducativa\/","name":"Oferta educativa - Colegio Mar\u00eda Auxiliadora","isPartOf":{"@id":"https:\/\/salesianosmaux.es\/colegio\/#website"},"datePublished":"2022-02-08T15:33:56+00:00","dateModified":"2025-08-31T14:13:50+00:00","breadcrumb":{"@id":"https:\/\/salesianosmaux.es\/colegio\/ofertaeducativa\/#breadcrumb"},"inLanguage":"es","potentialAction":[{"@type":"ReadAction","target":["https:\/\/salesianosmaux.es\/colegio\/ofertaeducativa\/"]}]},{"@type":"BreadcrumbList","@id":"https:\/\/salesianosmaux.es\/colegio\/ofertaeducativa\/#breadcrumb","itemListElement":[{"@type":"ListItem","position":1,"name":"Portada","item":"https:\/\/salesianosmaux.es\/colegio\/"},{"@type":"ListItem","position":2,"name":"Oferta educativa"}]},{"@type":"WebSite","@id":"https:\/\/salesianosmaux.es\/colegio\/#website","url":"https:\/\/salesianosmaux.es\/colegio\/","name":"Colegio Mar\u00eda Auxiliadora","description":"Colegio Mar\u00eda Auxiliadora","potentialAction":[{"@type":"SearchAction","target":{"@type":"EntryPoint","urlTemplate":"https:\/\/salesianosmaux.es\/colegio\/?s={search_term_string}"},"query-input":{"@type":"PropertyValueSpecification","valueRequired":true,"valueName":"search_term_string"}}],"inLanguage":"es"}]}},"_links":{"self":[{"href":"https:\/\/salesianosmaux.es\/colegio\/wp-json\/wp\/v2\/pages\/61","targetHints":{"allow":["GET"]}}],"collection":[{"href":"https:\/\/salesianosmaux.es\/colegio\/wp-json\/wp\/v2\/pages"}],"about":[{"href":"https:\/\/salesianosmaux.es\/colegio\/wp-json\/wp\/v2\/types\/page"}],"author":[{"embeddable":true,"href":"https:\/\/salesianosmaux.es\/colegio\/wp-json\/wp\/v2\/users\/1"}],"replies":[{"embeddable":true,"href":"https:\/\/salesianosmaux.es\/colegio\/wp-json\/wp\/v2\/comments?post=61"}],"version-history":[{"count":6,"href":"https:\/\/salesianosmaux.es\/colegio\/wp-json\/wp\/v2\/pages\/61\/revisions"}],"predecessor-version":[{"id":11497,"href":"https:\/\/salesianosmaux.es\/colegio\/wp-json\/wp\/v2\/pages\/61\/revisions\/11497"}],"wp:attachment":[{"href":"https:\/\/salesianosmaux.es\/colegio\/wp-json\/wp\/v2\/media?parent=61"}],"curies":[{"name":"wp","href":"https:\/\/api.w.org\/{rel}","templated":true}]}}