{"id":9736,"date":"2025-02-25T20:18:49","date_gmt":"2025-02-25T20:18:49","guid":{"rendered":"https:\/\/salesianosmaux.es\/colegio\/?page_id=9736"},"modified":"2025-02-25T20:18:49","modified_gmt":"2025-02-25T20:18:49","slug":"canal-de-denuncia","status":"publish","type":"page","link":"https:\/\/salesianosmaux.es\/colegio\/canal-de-denuncia\/","title":{"rendered":"Canal de denuncia"},"content":{"rendered":"<p>[et_pb_section fb_built=\u00bb1&#8243; fullwidth=\u00bbon\u00bb theme_builder_area=\u00bbpost_content\u00bb _builder_version=\u00bb4.27.4&#8243; _module_preset=\u00bbdefault\u00bb][et_pb_fullwidth_header _builder_version=\u00bb4.27.4&#8243; _module_preset=\u00bbdefault\u00bb theme_builder_area=\u00bbpost_content\u00bb hover_enabled=\u00bb0&#8243; sticky_enabled=\u00bb0&#8243; title_text=\u00bbencabezado_noticias_casa-min\u00bb background_image=\u00bbhttps:\/\/salesianosmaux.es\/colegio\/wp-content\/uploads\/sites\/5\/2022\/02\/encabezado_noticias_casa-min.png\u00bb title=\u00bbCanal de denuncia\u00bb title_font=\u00bbLato||||||||\u00bb title_text_align=\u00bbright\u00bb title_font_size=\u00bb41px\u00bb][\/et_pb_fullwidth_header][\/et_pb_section][et_pb_section fb_built=\u00bb1&#8243; theme_builder_area=\u00bbpost_content\u00bb _builder_version=\u00bb4.27.4&#8243; _module_preset=\u00bbdefault\u00bb][et_pb_row _builder_version=\u00bb4.27.4&#8243; _module_preset=\u00bbdefault\u00bb theme_builder_area=\u00bbpost_content\u00bb][et_pb_column _builder_version=\u00bb4.27.4&#8243; _module_preset=\u00bbdefault\u00bb type=\u00bb4_4&#8243; theme_builder_area=\u00bbpost_content\u00bb][et_pb_text _builder_version=\u00bb4.27.4&#8243; _module_preset=\u00bbdefault\u00bb theme_builder_area=\u00bbpost_content\u00bb hover_enabled=\u00bb0&#8243; sticky_enabled=\u00bb0&#8243; text_font_size=\u00bb16px\u00bb]<\/p>\n<p style=\"text-align: justify;\">La <b>Inspector\u00eda Salesiana Santiago El Mayor<\/b>, entidad titular de Salesianos Salamanca-Mar\u00eda Auxiliadora, ha habilitado la direcci\u00f3n web <a href=\"https:\/\/fanjulytejado.responsabilidadpenal.com\/canal-de-denuncias\" target=\"_blank\" rel=\"noopener\">https:\/\/fanjulytejado.responsabilidadpenal.com\/canal-de-denuncias<\/a> como herramienta clave que facilite un mecanismo objetivo y eficaz para informar de:<span style=\"color: #ff0000;\"><br \/><\/span><\/p>\n<ol type=\"A\" style=\"text-align: justify;\">\n<li>Cualquier hecho, indicio, irregularidad, riesgo o conocimiento de posibles delitos y\/o incumplimientos normativos en su \u00e1mbito y operatividad.<\/li>\n<li>Cualquier acci\u00f3n contraria a las pol\u00edticas, protocolos, procedimientos y c\u00f3digos internos que se tengan instaurados.<\/li>\n<\/ol>\n<p style=\"text-align: justify;\">III. Cualquier indicio, sospecha o evidencia de comportamiento no \u00e9tico, discriminatorio, contrario a la igualdad de las personas y posible acoso laboral y\/o sexual.<\/p>\n<ol type=\"A\" style=\"text-align: justify;\">\n<li>Cualquier operaci\u00f3n sospechosa, incidencia o riesgo en materia de \u201cPrevenci\u00f3n del Blanqueo de Capitales y financiaci\u00f3n del terrorismo\u201d, fraude, corrupci\u00f3n o existencia de conflictos de inter\u00e9s.<\/li>\n<li>Cualquier acci\u00f3n u omisi\u00f3n que pueda ser constitutivas de infracci\u00f3n penal o administrativa grave o muy grave o cualquier vulneraci\u00f3n del resto del ordenamiento jur\u00eddico.<\/li>\n<li>Cualquier duda en relaci\u00f3n con la normativa.<\/li>\n<\/ol>\n<p style=\"text-align: justify;\">Las denuncias podr\u00e1n realizarse a trav\u00e9s de la direcci\u00f3n web <a href=\"https:\/\/fanjulytejado.responsabilidadpenal.com\/canal-de-denuncias\" target=\"_blank\" rel=\"noopener\">https:\/\/fanjulytejado.responsabilidadpenal.com\/canal-de-denuncias<\/a> o trav\u00e9s de solicitud verbal al responsable del Sistema de Informaci\u00f3n.\u00a0 En este sentido para realizar una comunicaci\u00f3n a trav\u00e9s de la direcci\u00f3n web <a href=\"https:\/\/fanjulytejado.responsabilidadpenal.com\/canal-de-denuncias\">https:\/\/fanjulytejado.responsabilidadpenal.com\/canal-de-denuncias<\/a> deber\u00e1 introducir el c\u00f3digo \u201c<b>COLEGIOSISSM<\/b>\u201d.<\/p>\n<p style=\"text-align: justify;\">Los hechos denunciados deben ser ciertos y, por ello, el denunciante deber\u00e1 asegurarse de la veracidad de la informaci\u00f3n que proporcione.<\/p>\n<p style=\"text-align: justify;\">Dicho canal, ha sido implementado como elemento clave e id\u00f3neo para la supervisi\u00f3n, control y prevenci\u00f3n, en el \u00e1mbito del cumplimiento \u00e9tico y normativo, con el prop\u00f3sito de promover una cultura de transparencia, \u00e9tica y libre de conductas de corrupci\u00f3n, fraude o incumplimientos administrativos y\/o penales, atendiendo a lo dispuesto en la Ley 2\/2023, de 20 de febrero, \u201cde protecci\u00f3n de informantes\u201d. En este sentido, la <b>Inspector\u00eda Salesiana Santiago El Mayor<\/b> cuentan con una Pol\u00edtica que enuncia y explica los principios generales en materia del Sistema interno de informaci\u00f3n y defensa del informante y garantiza, entre otros, la confidencialidad, la protecci\u00f3n de los informantes y la tramitaci\u00f3n establecidos en la ley 2\/2023, de 20 de febrero, as\u00ed como los derechos del denunciante y del denunciado. Adem\u00e1s, existe un procedimiento de gesti\u00f3n, tramitaci\u00f3n, investigaci\u00f3n y resoluci\u00f3n de denuncias mediante el que se procura asegurar, durante todo el proceso de vida de la denuncia, la protecci\u00f3n del denunciante y la privacidad de las personas involucradas, adem\u00e1s de la confidencialidad sobre los datos contenidos en la denuncia.<\/p>\n<p style=\"text-align: justify;\">El presente canal proporciona un medio confidencial y seguro para que cualquier persona que se relacione con nosotros pueda informar de cualquier actividad sospechosa o ilegal sin temor a represalias.<\/p>\n<p style=\"text-align: justify;\">Este canal no se podr\u00e1 utilizar para llevar a cabo denuncias con las siguientes caracter\u00edsticas:<\/p>\n<ul style=\"text-align: justify;\">\n<li>Denuncias falsas.<\/li>\n<li>Denuncias que muestren mala fe de forma manifiesta (ej. Denuncia presentada varias veces con diferente relato de hechos).<\/li>\n<li>Denuncias no fundadas o sin indicios concretos o determinados (ej. \u2018Me parece sospechosa la actuaci\u00f3n de X, me hace dudar de su actuaci\u00f3n conforme a la ley\u2019).<\/li>\n<li>Denuncias gen\u00e9ricas por no incluir el conjunto de datos que se consideran m\u00ednimos para las denuncias: conductas realizadas, fecha\/s en las que tuvieron lugar los hechos y tipolog\u00eda de normativa incumplida (ej. \u2018Un compa\u00f1ero lleva a cabo malas pr\u00e1cticas de comercializaci\u00f3n con algunos clientes\u2019). Asimismo, en el caso que una denuncia verse espec\u00edficamente sobre el contenido de un fichero\/documento y \u00e9ste no sea aportado en la denuncia.<\/li>\n<li>Denuncias sobre hechos no denunciables por no suponer ning\u00fan il\u00edcito o incumplimiento \u00e9tico (ej. Falta de higiene de un compa\u00f1ero).<\/li>\n<li>Denuncias relativas a hechos que se encuentren en sede judicial.<\/li>\n<\/ul>\n<p style=\"text-align: justify;\">En todo caso, el canal cumple y respeta Ley Org\u00e1nica 3\/2018, de 5 de diciembre, de Protecci\u00f3n de Datos Personales y garant\u00eda de los derechos digitales. Por ello, se conservar\u00e1n los datos personales relativos al Canal de Denuncias durante el plazo estrictamente necesario y nunca se conservar\u00e1n datos personales, relativos a este tratamiento, durante por un plazo superior del legalmente establecido.<\/p>\n<p>[\/et_pb_text][\/et_pb_column][\/et_pb_row][\/et_pb_section]<\/p>\n","protected":false},"excerpt":{"rendered":"<p>La Inspector\u00eda Salesiana Santiago El Mayor, entidad titular de Salesianos Salamanca-Mar\u00eda Auxiliadora, ha habilitado la direcci\u00f3n web https:\/\/fanjulytejado.responsabilidadpenal.com\/canal-de-denuncias como herramienta clave que facilite un mecanismo objetivo y eficaz para informar de: Cualquier hecho, indicio, irregularidad, riesgo o conocimiento de posibles delitos y\/o incumplimientos normativos en su \u00e1mbito y operatividad. Cualquier acci\u00f3n contraria a las pol\u00edticas, [&hellip;]<\/p>\n","protected":false},"author":1,"featured_media":0,"parent":0,"menu_order":0,"comment_status":"closed","ping_status":"closed","template":"","meta":{"_et_pb_use_builder":"on","_et_pb_old_content":"","_et_gb_content_width":"","_joinchat":[],"footnotes":""},"class_list":["post-9736","page","type-page","status-publish","hentry"],"yoast_head":"<!-- This site is optimized with the Yoast SEO plugin v27.4 - https:\/\/yoast.com\/product\/yoast-seo-wordpress\/ -->\n<title>Canal de denuncia - Colegio Mar\u00eda Auxiliadora<\/title>\n<meta name=\"robots\" content=\"index, follow, max-snippet:-1, max-image-preview:large, max-video-preview:-1\" \/>\n<link rel=\"canonical\" href=\"https:\/\/salesianosmaux.es\/colegio\/canal-de-denuncia\/\" \/>\n<meta property=\"og:locale\" content=\"es_ES\" \/>\n<meta property=\"og:type\" content=\"article\" \/>\n<meta property=\"og:title\" content=\"Canal de denuncia - Colegio Mar\u00eda Auxiliadora\" \/>\n<meta property=\"og:description\" content=\"Te puede interesar...\" \/>\n<meta property=\"og:url\" content=\"https:\/\/salesianosmaux.es\/colegio\/canal-de-denuncia\/\" \/>\n<meta property=\"og:site_name\" content=\"Colegio Mar\u00eda Auxiliadora\" \/>\n<meta name=\"twitter:card\" content=\"summary_large_image\" \/>\n<script type=\"application\/ld+json\" class=\"yoast-schema-graph\">{\"@context\":\"https:\\\/\\\/schema.org\",\"@graph\":[{\"@type\":\"WebPage\",\"@id\":\"https:\\\/\\\/salesianosmaux.es\\\/colegio\\\/canal-de-denuncia\\\/\",\"url\":\"https:\\\/\\\/salesianosmaux.es\\\/colegio\\\/canal-de-denuncia\\\/\",\"name\":\"Canal de denuncia - Colegio Mar\u00eda Auxiliadora\",\"isPartOf\":{\"@id\":\"https:\\\/\\\/salesianosmaux.es\\\/colegio\\\/#website\"},\"datePublished\":\"2025-02-25T20:18:49+00:00\",\"breadcrumb\":{\"@id\":\"https:\\\/\\\/salesianosmaux.es\\\/colegio\\\/canal-de-denuncia\\\/#breadcrumb\"},\"inLanguage\":\"es\",\"potentialAction\":[{\"@type\":\"ReadAction\",\"target\":[\"https:\\\/\\\/salesianosmaux.es\\\/colegio\\\/canal-de-denuncia\\\/\"]}]},{\"@type\":\"BreadcrumbList\",\"@id\":\"https:\\\/\\\/salesianosmaux.es\\\/colegio\\\/canal-de-denuncia\\\/#breadcrumb\",\"itemListElement\":[{\"@type\":\"ListItem\",\"position\":1,\"name\":\"Portada\",\"item\":\"https:\\\/\\\/salesianosmaux.es\\\/colegio\\\/\"},{\"@type\":\"ListItem\",\"position\":2,\"name\":\"Canal de denuncia\"}]},{\"@type\":\"WebSite\",\"@id\":\"https:\\\/\\\/salesianosmaux.es\\\/colegio\\\/#website\",\"url\":\"https:\\\/\\\/salesianosmaux.es\\\/colegio\\\/\",\"name\":\"Colegio Mar\u00eda Auxiliadora\",\"description\":\"Colegio Mar\u00eda Auxiliadora\",\"potentialAction\":[{\"@type\":\"SearchAction\",\"target\":{\"@type\":\"EntryPoint\",\"urlTemplate\":\"https:\\\/\\\/salesianosmaux.es\\\/colegio\\\/?s={search_term_string}\"},\"query-input\":{\"@type\":\"PropertyValueSpecification\",\"valueRequired\":true,\"valueName\":\"search_term_string\"}}],\"inLanguage\":\"es\"}]}<\/script>\n<!-- \/ Yoast SEO plugin. -->","yoast_head_json":{"title":"Canal de denuncia - Colegio Mar\u00eda Auxiliadora","robots":{"index":"index","follow":"follow","max-snippet":"max-snippet:-1","max-image-preview":"max-image-preview:large","max-video-preview":"max-video-preview:-1"},"canonical":"https:\/\/salesianosmaux.es\/colegio\/canal-de-denuncia\/","og_locale":"es_ES","og_type":"article","og_title":"Canal de denuncia - Colegio Mar\u00eda Auxiliadora","og_description":"Te puede interesar...","og_url":"https:\/\/salesianosmaux.es\/colegio\/canal-de-denuncia\/","og_site_name":"Colegio Mar\u00eda Auxiliadora","twitter_card":"summary_large_image","schema":{"@context":"https:\/\/schema.org","@graph":[{"@type":"WebPage","@id":"https:\/\/salesianosmaux.es\/colegio\/canal-de-denuncia\/","url":"https:\/\/salesianosmaux.es\/colegio\/canal-de-denuncia\/","name":"Canal de denuncia - Colegio Mar\u00eda Auxiliadora","isPartOf":{"@id":"https:\/\/salesianosmaux.es\/colegio\/#website"},"datePublished":"2025-02-25T20:18:49+00:00","breadcrumb":{"@id":"https:\/\/salesianosmaux.es\/colegio\/canal-de-denuncia\/#breadcrumb"},"inLanguage":"es","potentialAction":[{"@type":"ReadAction","target":["https:\/\/salesianosmaux.es\/colegio\/canal-de-denuncia\/"]}]},{"@type":"BreadcrumbList","@id":"https:\/\/salesianosmaux.es\/colegio\/canal-de-denuncia\/#breadcrumb","itemListElement":[{"@type":"ListItem","position":1,"name":"Portada","item":"https:\/\/salesianosmaux.es\/colegio\/"},{"@type":"ListItem","position":2,"name":"Canal de denuncia"}]},{"@type":"WebSite","@id":"https:\/\/salesianosmaux.es\/colegio\/#website","url":"https:\/\/salesianosmaux.es\/colegio\/","name":"Colegio Mar\u00eda Auxiliadora","description":"Colegio Mar\u00eda Auxiliadora","potentialAction":[{"@type":"SearchAction","target":{"@type":"EntryPoint","urlTemplate":"https:\/\/salesianosmaux.es\/colegio\/?s={search_term_string}"},"query-input":{"@type":"PropertyValueSpecification","valueRequired":true,"valueName":"search_term_string"}}],"inLanguage":"es"}]}},"_links":{"self":[{"href":"https:\/\/salesianosmaux.es\/colegio\/wp-json\/wp\/v2\/pages\/9736","targetHints":{"allow":["GET"]}}],"collection":[{"href":"https:\/\/salesianosmaux.es\/colegio\/wp-json\/wp\/v2\/pages"}],"about":[{"href":"https:\/\/salesianosmaux.es\/colegio\/wp-json\/wp\/v2\/types\/page"}],"author":[{"embeddable":true,"href":"https:\/\/salesianosmaux.es\/colegio\/wp-json\/wp\/v2\/users\/1"}],"replies":[{"embeddable":true,"href":"https:\/\/salesianosmaux.es\/colegio\/wp-json\/wp\/v2\/comments?post=9736"}],"version-history":[{"count":2,"href":"https:\/\/salesianosmaux.es\/colegio\/wp-json\/wp\/v2\/pages\/9736\/revisions"}],"predecessor-version":[{"id":9739,"href":"https:\/\/salesianosmaux.es\/colegio\/wp-json\/wp\/v2\/pages\/9736\/revisions\/9739"}],"wp:attachment":[{"href":"https:\/\/salesianosmaux.es\/colegio\/wp-json\/wp\/v2\/media?parent=9736"}],"curies":[{"name":"wp","href":"https:\/\/api.w.org\/{rel}","templated":true}]}}