{"id":156,"date":"2022-02-22T09:05:39","date_gmt":"2022-02-22T09:05:39","guid":{"rendered":"https:\/\/salesianosmaux.es\/parroquia\/?page_id=156"},"modified":"2022-09-08T19:20:27","modified_gmt":"2022-09-08T19:20:27","slug":"organizacion-parroquial","status":"publish","type":"page","link":"https:\/\/salesianosmaux.es\/parroquia\/organizacion-parroquial\/","title":{"rendered":"Organizaci\u00f3n Parroquial"},"content":{"rendered":"<p>[et_pb_section fb_built=\u00bb1&#8243; fullwidth=\u00bbon\u00bb _builder_version=\u00bb4.16&#8243; global_colors_info=\u00bb{}\u00bb][et_pb_fullwidth_header title=\u00bbOrganizaci\u00f3n Parroquial\u00bb module_class=\u00bbpagina-imagen-cabecera\u00bb _builder_version=\u00bb4.18.0&#8243; title_font=\u00bbLato||||||||\u00bb content_font=\u00bbArial||on||||||\u00bb content_text_align=\u00bbright\u00bb content_text_color=\u00bb#FFFFFF\u00bb background_color=\u00bb#E02B20&#8243; background_image=\u00bbhttps:\/\/salesianosmaux.es\/parroquia\/wp-content\/uploads\/sites\/8\/2022\/02\/encabezado_noticias_casa-min-1.png\u00bb background_layout=\u00bblight\u00bb max_width_tablet=\u00bb50px\u00bb hover_enabled=\u00bb0&#8243; button_one_letter_spacing_hover=\u00bb0&#8243; button_two_letter_spacing_hover=\u00bb0&#8243; global_colors_info=\u00bb{}\u00bb button_one_text_size__hover_enabled=\u00bboff\u00bb button_two_text_size__hover_enabled=\u00bboff\u00bb button_one_text_color__hover_enabled=\u00bboff\u00bb button_two_text_color__hover_enabled=\u00bboff\u00bb button_one_border_width__hover_enabled=\u00bboff\u00bb button_two_border_width__hover_enabled=\u00bboff\u00bb button_one_border_color__hover_enabled=\u00bboff\u00bb button_two_border_color__hover_enabled=\u00bboff\u00bb button_one_border_radius__hover_enabled=\u00bboff\u00bb button_two_border_radius__hover_enabled=\u00bboff\u00bb button_one_letter_spacing__hover_enabled=\u00bbon\u00bb button_one_letter_spacing__hover=\u00bb0&#8243; button_two_letter_spacing__hover_enabled=\u00bbon\u00bb button_two_letter_spacing__hover=\u00bb0&#8243; button_one_bg_color__hover_enabled=\u00bboff\u00bb button_two_bg_color__hover_enabled=\u00bboff\u00bb title_text=\u00bbencabezado_noticias_casa-min-1&#8243; sticky_enabled=\u00bb0&#8243;][\/et_pb_fullwidth_header][\/et_pb_section][et_pb_section fb_built=\u00bb1&#8243; _builder_version=\u00bb4.16&#8243; _module_preset=\u00bbdefault\u00bb top_divider_style=\u00bbramp2&#8243; top_divider_color=\u00bb#e2e2e2&#8243; global_colors_info=\u00bb{}\u00bb][et_pb_row column_structure=\u00bb3_5,2_5&#8243; _builder_version=\u00bb4.16&#8243; _module_preset=\u00bbdefault\u00bb custom_margin=\u00bb0px||||false|false\u00bb custom_padding=\u00bb80px||||false|false\u00bb global_colors_info=\u00bb{}\u00bb][et_pb_column type=\u00bb3_5&#8243; _builder_version=\u00bb4.16&#8243; _module_preset=\u00bbdefault\u00bb global_colors_info=\u00bb{}\u00bb][et_pb_text _builder_version=\u00bb4.18.0&#8243; text_font=\u00bb||||||||\u00bb header_font=\u00bb||||||||\u00bb header_2_font=\u00bbLato|300|||||||\u00bb header_2_font_size=\u00bb30px\u00bb text_orientation=\u00bbjustified\u00bb hover_enabled=\u00bb0&#8243; global_colors_info=\u00bb{}\u00bb sticky_enabled=\u00bb0&#8243;]<\/p>\n<h2>Consejo Presbiteral Parroquial<\/h2>\n<p>Lo forman todos los sacerdotes de la Comunidad Salesiana.<\/p>\n<ul>\n<li><strong>D. \u00c1ngel Astorgano<\/strong>\u00a0&#8211; Director de la Presencia<\/li>\n<li><strong>D. Juan Manuel Ruano<\/strong> &#8211;\u00a0P\u00e1rroco y Catequesis de Infancia<\/li>\n<li><strong>D. \u00c1ngel T\u00e9llez S\u00e1nchez<\/strong><span class=\"Apple-tab-span\">\u00a0<\/span>&#8211;\u00a0Vicario Parroquial<\/li>\n<li><strong>D. Luis Fernando S\u00e1nchez<\/strong> &#8211;\u00a0Colaborador P. y Catequesis Confirmaci\u00f3n<\/li>\n<li><strong>D. Carlos Plaza<\/strong><span class=\"Apple-tab-span\"> <\/span>&#8211;\u00a0Colaborador Parroquial<\/li>\n<li><strong>D. Pablo Fern\u00e1ndez<\/strong> &#8211; Colaborador Parroquial<\/li>\n<li><strong>D. Luis Javier S\u00e1nchez Ortega<\/strong>\u00a0&#8211; Colaborador Parroquial<\/li>\n<li><strong>D. Hermenegildo Hoyos<\/strong> &#8211; Colaborador Parroquial<\/li>\n<\/ul>\n<p>[\/et_pb_text][\/et_pb_column][et_pb_column type=\u00bb2_5&#8243; _builder_version=\u00bb4.16&#8243; _module_preset=\u00bbdefault\u00bb global_colors_info=\u00bb{}\u00bb][et_pb_image src=\u00bbhttps:\/\/salesianosmaux.es\/parroquia\/wp-content\/uploads\/sites\/8\/2022\/05\/FOTOS-50-ANOS-MISA-CON-OBISPO.jpg\u00bb title_text=\u00bbFOTOS 50 A\u00d1OS MISA CON OBISPO\u00bb _builder_version=\u00bb4.16&#8243; _module_preset=\u00bbdefault\u00bb global_colors_info=\u00bb{}\u00bb][\/et_pb_image][\/et_pb_column][\/et_pb_row][et_pb_row column_structure=\u00bb2_5,3_5&#8243; _builder_version=\u00bb4.16&#8243; _module_preset=\u00bbdefault\u00bb custom_margin=\u00bb0px||||false|false\u00bb custom_padding=\u00bb25px||||false|false\u00bb border_color_top=\u00bb#FFFFFF\u00bb border_style_top=\u00bbnone\u00bb global_colors_info=\u00bb{}\u00bb][et_pb_column type=\u00bb2_5&#8243; _builder_version=\u00bb4.16&#8243; _module_preset=\u00bbdefault\u00bb global_colors_info=\u00bb{}\u00bb][et_pb_image src=\u00bbhttps:\/\/salesianosmaux.es\/parroquia\/wp-content\/uploads\/sites\/8\/2022\/04\/parroquia3.jpg\u00bb title_text=\u00bbparroquia3&#8243; _builder_version=\u00bb4.16&#8243; _module_preset=\u00bbdefault\u00bb global_colors_info=\u00bb{}\u00bb][\/et_pb_image][\/et_pb_column][et_pb_column type=\u00bb3_5&#8243; _builder_version=\u00bb4.16&#8243; _module_preset=\u00bbdefault\u00bb global_colors_info=\u00bb{}\u00bb][et_pb_text _builder_version=\u00bb4.18.0&#8243; text_font=\u00bb||||||||\u00bb header_font=\u00bb||||||||\u00bb header_2_font=\u00bbLato|300|||||||\u00bb header_2_font_size=\u00bb30px\u00bb text_orientation=\u00bbjustified\u00bb hover_enabled=\u00bb0&#8243; global_colors_info=\u00bb{}\u00bb sticky_enabled=\u00bb0&#8243;]<\/p>\n<h2>Consejo Pastoral Parroquial<\/h2>\n<p>Lo forman todos los sacerdotes de la Comunidad Salesiana.<\/p>\n<ul>\n<li><strong>D. Juan Manuel Ruano<\/strong> &#8211;\u00a0P\u00e1rroco y Catequesis de Infancia<strong><\/strong><\/li>\n<li><strong>D. \u00c1ngel Astorgano<\/strong>\u00a0&#8211; Director de la Presencia<\/li>\n<li><strong>D. \u00c1ngel T\u00e9llez S\u00e1nchez<\/strong><span class=\"Apple-tab-span\">\u00a0<\/span>&#8211;\u00a0Vicario Parroquial<\/li>\n<li><strong>D. Luis Fernando S\u00e1nchez<\/strong> &#8211; \u00a0Catequesis Confirmaci\u00f3n<\/li>\n<li><strong>D\u00f1a. Inmaculada Iglesias<\/strong><span class=\"Apple-tab-span\">\u00a0<\/span>&#8211; Secretaria<\/li>\n<li><strong>D\u00f1a. Marisa Mateos<\/strong>\u00a0&#8211; Centro Juvenil<\/li>\n<li><strong>D\u00f1a. Ana Torrecilla<\/strong>\u00a0&#8211; ADMA &#8211; Parroquia Santuario<\/li>\n<li><strong>D\u00f1a. Margarita S\u00e1nchez<\/strong>\u00a0&#8211; Taller Evangelio y Biblia<\/li>\n<li><strong>D\u00f1a. Magdalena Lucas<\/strong>\u00a0&#8211; Grupo de lo Social<\/li>\n<li><strong>D. Domi Vaquero<\/strong>\u00a0&#8211; SS.CC. y Escuela Hogar<\/li>\n<li><strong>D\u00f1a. Mari Carmen Mancha<\/strong>\u00a0&#8211; Grupo Vida Ascendente<\/li>\n<li><strong>D\u00f1a. Manolita Marcos<\/strong>\u00a0&#8211; Animaci\u00f3n Misionera<strong style=\"font-size: 14px;\"><\/strong><\/li>\n<li><strong>D. Camilo Cinos\u00a0<\/strong>&#8211; Centro de Mayores<\/li>\n<li><strong>D. \u00c1ngel Mart\u00edn\u00a0<\/strong>&#8211; Renovaci\u00f3n Carism\u00e1tica<\/li>\n<li><strong>D\u00f1a. Mari Cruz Vicente\u00a0<\/strong>&#8211; Catequistas<\/li>\n<li><strong>D\u00f1a. Mar\u00eda Jos\u00e9 Fuertes<\/strong>\u00a0&#8211; Grupo de Formaci\u00f3n Permanente<\/li>\n<\/ul>\n<p>[\/et_pb_text][\/et_pb_column][\/et_pb_row][\/et_pb_section]<\/p>\n","protected":false},"excerpt":{"rendered":"<p>Consejo Presbiteral Parroquial Lo forman todos los sacerdotes de la Comunidad Salesiana. D. \u00c1ngel Astorgano\u00a0&#8211; Director de la Presencia D. Juan Manuel Ruano &#8211;\u00a0P\u00e1rroco y Catequesis de Infancia D. \u00c1ngel T\u00e9llez S\u00e1nchez\u00a0&#8211;\u00a0Vicario Parroquial D. Luis Fernando S\u00e1nchez &#8211;\u00a0Colaborador P. y Catequesis Confirmaci\u00f3n D. Carlos Plaza &#8211;\u00a0Colaborador Parroquial D. Pablo Fern\u00e1ndez &#8211; Colaborador Parroquial D. Luis [&hellip;]<\/p>\n","protected":false},"author":1,"featured_media":0,"parent":0,"menu_order":0,"comment_status":"closed","ping_status":"closed","template":"","meta":{"_et_pb_use_builder":"on","_et_pb_old_content":"","_et_gb_content_width":"","footnotes":""},"class_list":["post-156","page","type-page","status-publish","hentry"],"yoast_head":"<!-- This site is optimized with the Yoast SEO plugin v27.3 - https:\/\/yoast.com\/product\/yoast-seo-wordpress\/ -->\n<title>Organizaci\u00f3n Parroquial - Parroquia Mar\u00eda Auxiliadora<\/title>\n<meta name=\"robots\" content=\"index, follow, max-snippet:-1, max-image-preview:large, max-video-preview:-1\" \/>\n<link rel=\"canonical\" href=\"https:\/\/salesianosmaux.es\/parroquia\/organizacion-parroquial\/\" \/>\n<meta property=\"og:locale\" content=\"es_ES\" \/>\n<meta property=\"og:type\" content=\"article\" \/>\n<meta property=\"og:title\" content=\"Organizaci\u00f3n Parroquial - Parroquia Mar\u00eda Auxiliadora\" \/>\n<meta property=\"og:description\" content=\"\u00bfQui\u00e9nes formamos la Comunidad Salesiana?Nuestra Obra Salesiana, es una casa habitada por una comunidad de Salesianos que se dedica a tiempo pleno a acompa\u00f1ar, rezar y animar a los diversos proyectos y ambientes educativo-pastorales. Participamos de muy diversas maneras en la animaci\u00f3n de toda la Obra Salesiana de Salamanca - Mar\u00eda Auxiliadora, prodigando tiempos, atenci\u00f3n [&hellip;]\" \/>\n<meta property=\"og:url\" content=\"https:\/\/salesianosmaux.es\/parroquia\/organizacion-parroquial\/\" \/>\n<meta property=\"og:site_name\" content=\"Parroquia Mar\u00eda Auxiliadora\" \/>\n<meta property=\"article:modified_time\" content=\"2022-09-08T19:20:27+00:00\" \/>\n<meta name=\"twitter:card\" content=\"summary_large_image\" \/>\n<meta name=\"twitter:label1\" content=\"Tiempo de lectura\" \/>\n\t<meta name=\"twitter:data1\" content=\"3 minutos\" \/>\n<script type=\"application\/ld+json\" class=\"yoast-schema-graph\">{\"@context\":\"https:\\\/\\\/schema.org\",\"@graph\":[{\"@type\":\"WebPage\",\"@id\":\"https:\\\/\\\/salesianosmaux.es\\\/parroquia\\\/organizacion-parroquial\\\/\",\"url\":\"https:\\\/\\\/salesianosmaux.es\\\/parroquia\\\/organizacion-parroquial\\\/\",\"name\":\"Organizaci\u00f3n Parroquial - Parroquia Mar\u00eda Auxiliadora\",\"isPartOf\":{\"@id\":\"https:\\\/\\\/salesianosmaux.es\\\/parroquia\\\/#website\"},\"datePublished\":\"2022-02-22T09:05:39+00:00\",\"dateModified\":\"2022-09-08T19:20:27+00:00\",\"breadcrumb\":{\"@id\":\"https:\\\/\\\/salesianosmaux.es\\\/parroquia\\\/organizacion-parroquial\\\/#breadcrumb\"},\"inLanguage\":\"es\",\"potentialAction\":[{\"@type\":\"ReadAction\",\"target\":[\"https:\\\/\\\/salesianosmaux.es\\\/parroquia\\\/organizacion-parroquial\\\/\"]}]},{\"@type\":\"BreadcrumbList\",\"@id\":\"https:\\\/\\\/salesianosmaux.es\\\/parroquia\\\/organizacion-parroquial\\\/#breadcrumb\",\"itemListElement\":[{\"@type\":\"ListItem\",\"position\":1,\"name\":\"Portada\",\"item\":\"https:\\\/\\\/salesianosmaux.es\\\/parroquia\\\/\"},{\"@type\":\"ListItem\",\"position\":2,\"name\":\"Organizaci\u00f3n Parroquial\"}]},{\"@type\":\"WebSite\",\"@id\":\"https:\\\/\\\/salesianosmaux.es\\\/parroquia\\\/#website\",\"url\":\"https:\\\/\\\/salesianosmaux.es\\\/parroquia\\\/\",\"name\":\"Parroquia Mar\u00eda Auxiliadora\",\"description\":\"\",\"potentialAction\":[{\"@type\":\"SearchAction\",\"target\":{\"@type\":\"EntryPoint\",\"urlTemplate\":\"https:\\\/\\\/salesianosmaux.es\\\/parroquia\\\/?s={search_term_string}\"},\"query-input\":{\"@type\":\"PropertyValueSpecification\",\"valueRequired\":true,\"valueName\":\"search_term_string\"}}],\"inLanguage\":\"es\"}]}<\/script>\n<!-- \/ Yoast SEO plugin. -->","yoast_head_json":{"title":"Organizaci\u00f3n Parroquial - Parroquia Mar\u00eda Auxiliadora","robots":{"index":"index","follow":"follow","max-snippet":"max-snippet:-1","max-image-preview":"max-image-preview:large","max-video-preview":"max-video-preview:-1"},"canonical":"https:\/\/salesianosmaux.es\/parroquia\/organizacion-parroquial\/","og_locale":"es_ES","og_type":"article","og_title":"Organizaci\u00f3n Parroquial - Parroquia Mar\u00eda Auxiliadora","og_description":"\u00bfQui\u00e9nes formamos la Comunidad Salesiana?Nuestra Obra Salesiana, es una casa habitada por una comunidad de Salesianos que se dedica a tiempo pleno a acompa\u00f1ar, rezar y animar a los diversos proyectos y ambientes educativo-pastorales. Participamos de muy diversas maneras en la animaci\u00f3n de toda la Obra Salesiana de Salamanca - Mar\u00eda Auxiliadora, prodigando tiempos, atenci\u00f3n [&hellip;]","og_url":"https:\/\/salesianosmaux.es\/parroquia\/organizacion-parroquial\/","og_site_name":"Parroquia Mar\u00eda Auxiliadora","article_modified_time":"2022-09-08T19:20:27+00:00","twitter_card":"summary_large_image","twitter_misc":{"Tiempo de lectura":"3 minutos"},"schema":{"@context":"https:\/\/schema.org","@graph":[{"@type":"WebPage","@id":"https:\/\/salesianosmaux.es\/parroquia\/organizacion-parroquial\/","url":"https:\/\/salesianosmaux.es\/parroquia\/organizacion-parroquial\/","name":"Organizaci\u00f3n Parroquial - Parroquia Mar\u00eda Auxiliadora","isPartOf":{"@id":"https:\/\/salesianosmaux.es\/parroquia\/#website"},"datePublished":"2022-02-22T09:05:39+00:00","dateModified":"2022-09-08T19:20:27+00:00","breadcrumb":{"@id":"https:\/\/salesianosmaux.es\/parroquia\/organizacion-parroquial\/#breadcrumb"},"inLanguage":"es","potentialAction":[{"@type":"ReadAction","target":["https:\/\/salesianosmaux.es\/parroquia\/organizacion-parroquial\/"]}]},{"@type":"BreadcrumbList","@id":"https:\/\/salesianosmaux.es\/parroquia\/organizacion-parroquial\/#breadcrumb","itemListElement":[{"@type":"ListItem","position":1,"name":"Portada","item":"https:\/\/salesianosmaux.es\/parroquia\/"},{"@type":"ListItem","position":2,"name":"Organizaci\u00f3n Parroquial"}]},{"@type":"WebSite","@id":"https:\/\/salesianosmaux.es\/parroquia\/#website","url":"https:\/\/salesianosmaux.es\/parroquia\/","name":"Parroquia Mar\u00eda Auxiliadora","description":"","potentialAction":[{"@type":"SearchAction","target":{"@type":"EntryPoint","urlTemplate":"https:\/\/salesianosmaux.es\/parroquia\/?s={search_term_string}"},"query-input":{"@type":"PropertyValueSpecification","valueRequired":true,"valueName":"search_term_string"}}],"inLanguage":"es"}]}},"_links":{"self":[{"href":"https:\/\/salesianosmaux.es\/parroquia\/wp-json\/wp\/v2\/pages\/156","targetHints":{"allow":["GET"]}}],"collection":[{"href":"https:\/\/salesianosmaux.es\/parroquia\/wp-json\/wp\/v2\/pages"}],"about":[{"href":"https:\/\/salesianosmaux.es\/parroquia\/wp-json\/wp\/v2\/types\/page"}],"author":[{"embeddable":true,"href":"https:\/\/salesianosmaux.es\/parroquia\/wp-json\/wp\/v2\/users\/1"}],"replies":[{"embeddable":true,"href":"https:\/\/salesianosmaux.es\/parroquia\/wp-json\/wp\/v2\/comments?post=156"}],"version-history":[{"count":6,"href":"https:\/\/salesianosmaux.es\/parroquia\/wp-json\/wp\/v2\/pages\/156\/revisions"}],"predecessor-version":[{"id":428,"href":"https:\/\/salesianosmaux.es\/parroquia\/wp-json\/wp\/v2\/pages\/156\/revisions\/428"}],"wp:attachment":[{"href":"https:\/\/salesianosmaux.es\/parroquia\/wp-json\/wp\/v2\/media?parent=156"}],"curies":[{"name":"wp","href":"https:\/\/api.w.org\/{rel}","templated":true}]}}